{"id":952,"date":"2020-04-14T21:47:38","date_gmt":"2020-04-15T03:47:38","guid":{"rendered":"http:\/\/www.kepadrisimo.com\/?post_type=product&#038;p=952"},"modified":"2022-12-17T03:45:19","modified_gmt":"2022-12-17T09:45:19","slug":"big-bang-para-anki-over-drive","status":"publish","type":"product","link":"https:\/\/www.kepadrisimo.com\/index.php\/producto\/big-bang-para-anki-over-drive\/","title":{"rendered":"Big Bang para Anki Over Drive"},"content":{"rendered":"<p><img loading=\"lazy\" decoding=\"async\" data-attachment-id=\"928\" data-permalink=\"https:\/\/www.kepadrisimo.com\/?attachment_id=928\" data-orig-file=\"https:\/\/i0.wp.com\/www.kepadrisimo.com\/wp-content\/uploads\/2018\/12\/15444238596772545492418962416427342782664990650941.jpg?fit=1361%2C1194&amp;ssl=1\" data-orig-size=\"1361,1194\" data-comments-opened=\"1\" data-image-meta=\"{&quot;aperture&quot;:&quot;0&quot;,&quot;credit&quot;:&quot;&quot;,&quot;camera&quot;:&quot;&quot;,&quot;caption&quot;:&quot;&quot;,&quot;created_timestamp&quot;:&quot;0&quot;,&quot;copyright&quot;:&quot;&quot;,&quot;focal_length&quot;:&quot;0&quot;,&quot;iso&quot;:&quot;0&quot;,&quot;shutter_speed&quot;:&quot;0&quot;,&quot;title&quot;:&quot;&quot;,&quot;orientation&quot;:&quot;0&quot;}\" data-image-title=\"15444238596772545492418962416427342782664990650941\" data-image-description=\"\" data-image-caption=\"\" data-medium-file=\"https:\/\/i0.wp.com\/www.kepadrisimo.com\/wp-content\/uploads\/2018\/12\/15444238596772545492418962416427342782664990650941.jpg?fit=300%2C263&amp;ssl=1\" data-large-file=\"https:\/\/i0.wp.com\/www.kepadrisimo.com\/wp-content\/uploads\/2018\/12\/15444238596772545492418962416427342782664990650941.jpg?fit=1024%2C898&amp;ssl=1\" class=\"aligncenter wp-image-928\" src=\"https:\/\/i0.wp.com\/www.kepadrisimo.com\/wp-content\/uploads\/2018\/12\/15444238596772545492418962416427342782664990650941-300x263.jpg?resize=410%2C360\" alt=\"\" width=\"410\" height=\"360\" srcset=\"https:\/\/i0.wp.com\/www.kepadrisimo.com\/wp-content\/uploads\/2018\/12\/15444238596772545492418962416427342782664990650941.jpg?resize=300%2C263&amp;ssl=1 300w, https:\/\/i0.wp.com\/www.kepadrisimo.com\/wp-content\/uploads\/2018\/12\/15444238596772545492418962416427342782664990650941.jpg?resize=768%2C674&amp;ssl=1 768w, https:\/\/i0.wp.com\/www.kepadrisimo.com\/wp-content\/uploads\/2018\/12\/15444238596772545492418962416427342782664990650941.jpg?resize=1024%2C898&amp;ssl=1 1024w, https:\/\/i0.wp.com\/www.kepadrisimo.com\/wp-content\/uploads\/2018\/12\/15444238596772545492418962416427342782664990650941.jpg?resize=600%2C526&amp;ssl=1 600w, https:\/\/i0.wp.com\/www.kepadrisimo.com\/wp-content\/uploads\/2018\/12\/15444238596772545492418962416427342782664990650941.jpg?w=1361&amp;ssl=1 1361w\" sizes=\"(max-width: 410px) 100vw, 410px\" data-recalc-dims=\"1\" \/><\/p>\n<p>Big Bang para Anki Overdrive es un veh\u00edculo extraordinario, pesado, imparable y blindado. Est\u00e1 lleno de\u00a0 armas exclusivas, devastadoras y poderosas que seguro har\u00e1n que el temor prevalezca en la pista y mandar\u00e1 a los enemigos a volar sin control ni piedad.<\/p>\n<p>El &#8220;Core de Gravedad&#8221;, puede crear &#8220;ondas de impacto&#8221; masivas que enviar\u00e1n a tus competidores a pensar dos veces la idea, antes de volverse a meter contigo.<\/p>\n<p><img loading=\"lazy\" decoding=\"async\" data-attachment-id=\"953\" data-permalink=\"https:\/\/www.kepadrisimo.com\/?attachment_id=953\" data-orig-file=\"https:\/\/i0.wp.com\/www.kepadrisimo.com\/wp-content\/uploads\/2018\/12\/154562043877059653251931487227025494689409194350995.jpg?fit=300%2C300&amp;ssl=1\" data-orig-size=\"300,300\" data-comments-opened=\"1\" data-image-meta=\"{&quot;aperture&quot;:&quot;0&quot;,&quot;credit&quot;:&quot;&quot;,&quot;camera&quot;:&quot;&quot;,&quot;caption&quot;:&quot;&quot;,&quot;created_timestamp&quot;:&quot;0&quot;,&quot;copyright&quot;:&quot;&quot;,&quot;focal_length&quot;:&quot;0&quot;,&quot;iso&quot;:&quot;0&quot;,&quot;shutter_speed&quot;:&quot;0&quot;,&quot;title&quot;:&quot;&quot;,&quot;orientation&quot;:&quot;0&quot;}\" data-image-title=\"154562043877059653251931487227025494689409194350995.jpg\" data-image-description=\"\" data-image-caption=\"\" data-medium-file=\"https:\/\/i0.wp.com\/www.kepadrisimo.com\/wp-content\/uploads\/2018\/12\/154562043877059653251931487227025494689409194350995.jpg?fit=300%2C300&amp;ssl=1\" data-large-file=\"https:\/\/i0.wp.com\/www.kepadrisimo.com\/wp-content\/uploads\/2018\/12\/154562043877059653251931487227025494689409194350995.jpg?fit=300%2C300&amp;ssl=1\" class=\"aligncenter size-full wp-image-953\" src=\"https:\/\/i0.wp.com\/www.kepadrisimo.com\/wp-content\/uploads\/2018\/12\/154562043877059653251931487227025494689409194350995.jpg?resize=300%2C300\" alt=\"\" width=\"300\" height=\"300\" srcset=\"https:\/\/i0.wp.com\/www.kepadrisimo.com\/wp-content\/uploads\/2018\/12\/154562043877059653251931487227025494689409194350995.jpg?w=300&amp;ssl=1 300w, https:\/\/i0.wp.com\/www.kepadrisimo.com\/wp-content\/uploads\/2018\/12\/154562043877059653251931487227025494689409194350995.jpg?resize=150%2C150&amp;ssl=1 150w, https:\/\/i0.wp.com\/www.kepadrisimo.com\/wp-content\/uploads\/2018\/12\/154562043877059653251931487227025494689409194350995.jpg?resize=100%2C100&amp;ssl=1 100w\" sizes=\"(max-width: 300px) 100vw, 300px\" data-recalc-dims=\"1\" \/><\/p>\n<p>Recuerda que cada <em>Super Auto\u00a0<\/em>es un Robot en s\u00ed mismo, conducido por I.A. I(nteligencia Artificial) y est\u00e1 equipado con una programaci\u00f3n estrat\u00e9gica y destructiva que se adapta a cualquier forma de pista que construyas y aprenden su dise\u00f1o para realizar recorridos acordes al reto que t\u00fa imaginaste. Entre mejor y m\u00e1s juegues, m\u00e1s y mejores, se vuelven.<\/p>\n<p>Controla este <em>Super veh\u00edculo<\/em> con tu Dispositivo inteligente ya sea Android o IOS (tu tel\u00e9fono o tableta), utiliza el aceler\u00f3metro para conducir y virar tus veh\u00edculos y obt\u00e9n mejoras y armas para cada uno de ellos.<\/p>\n<p>Big Bang para Anki Overdrive, cuenta con armas como:<\/p>\n<p style=\"text-align: center;\"><strong>Power Stomp<\/strong><\/p>\n<p>Es un arma que se dispara desde el Big Bang directamente al suelo, creando ondas de impacto masivas, por lo que cualquier veh\u00edculo que se encuentre cerca\u00a0 ser\u00e1 severamente da\u00f1ado y sacado de control en lo que intenta recuperarse de los efectos del mini temblor.<\/p>\n<p><img loading=\"lazy\" decoding=\"async\" data-attachment-id=\"954\" data-permalink=\"https:\/\/www.kepadrisimo.com\/?attachment_id=954\" data-orig-file=\"https:\/\/i0.wp.com\/www.kepadrisimo.com\/wp-content\/uploads\/2018\/12\/15456204994548359672389251710363734155850568113985.jpg?fit=300%2C300&amp;ssl=1\" data-orig-size=\"300,300\" data-comments-opened=\"1\" data-image-meta=\"{&quot;aperture&quot;:&quot;0&quot;,&quot;credit&quot;:&quot;&quot;,&quot;camera&quot;:&quot;&quot;,&quot;caption&quot;:&quot;&quot;,&quot;created_timestamp&quot;:&quot;0&quot;,&quot;copyright&quot;:&quot;&quot;,&quot;focal_length&quot;:&quot;0&quot;,&quot;iso&quot;:&quot;0&quot;,&quot;shutter_speed&quot;:&quot;0&quot;,&quot;title&quot;:&quot;&quot;,&quot;orientation&quot;:&quot;0&quot;}\" data-image-title=\"15456204994548359672389251710363734155850568113985.jpg\" data-image-description=\"\" data-image-caption=\"\" data-medium-file=\"https:\/\/i0.wp.com\/www.kepadrisimo.com\/wp-content\/uploads\/2018\/12\/15456204994548359672389251710363734155850568113985.jpg?fit=300%2C300&amp;ssl=1\" data-large-file=\"https:\/\/i0.wp.com\/www.kepadrisimo.com\/wp-content\/uploads\/2018\/12\/15456204994548359672389251710363734155850568113985.jpg?fit=300%2C300&amp;ssl=1\" class=\"aligncenter size-full wp-image-954\" src=\"https:\/\/i0.wp.com\/www.kepadrisimo.com\/wp-content\/uploads\/2018\/12\/15456204994548359672389251710363734155850568113985.jpg?resize=300%2C300\" alt=\"\" width=\"300\" height=\"300\" srcset=\"https:\/\/i0.wp.com\/www.kepadrisimo.com\/wp-content\/uploads\/2018\/12\/15456204994548359672389251710363734155850568113985.jpg?w=300&amp;ssl=1 300w, https:\/\/i0.wp.com\/www.kepadrisimo.com\/wp-content\/uploads\/2018\/12\/15456204994548359672389251710363734155850568113985.jpg?resize=150%2C150&amp;ssl=1 150w, https:\/\/i0.wp.com\/www.kepadrisimo.com\/wp-content\/uploads\/2018\/12\/15456204994548359672389251710363734155850568113985.jpg?resize=100%2C100&amp;ssl=1 100w\" sizes=\"(max-width: 300px) 100vw, 300px\" data-recalc-dims=\"1\" \/><\/p>\n<p style=\"text-align: center;\"><strong>BF-27<\/strong><\/p>\n<p>Es apodado &#8220;Back Fire&#8221; por los conductores de <em>Big Bang<\/em>\u00a0ya que el BF-27 es un arma montada en la parte trasera que dispara un campo amplio que afecta a todo aquel que haya tenido el infortunio de colocarse detr\u00e1s del <em>Big Bang<\/em>.<\/p>\n<p><img loading=\"lazy\" decoding=\"async\" data-attachment-id=\"955\" data-permalink=\"https:\/\/www.kepadrisimo.com\/?attachment_id=955\" data-orig-file=\"https:\/\/i0.wp.com\/www.kepadrisimo.com\/wp-content\/uploads\/2018\/12\/154562053360074223878661717212195272796793593699727.jpg?fit=300%2C300&amp;ssl=1\" data-orig-size=\"300,300\" data-comments-opened=\"1\" data-image-meta=\"{&quot;aperture&quot;:&quot;0&quot;,&quot;credit&quot;:&quot;&quot;,&quot;camera&quot;:&quot;&quot;,&quot;caption&quot;:&quot;&quot;,&quot;created_timestamp&quot;:&quot;0&quot;,&quot;copyright&quot;:&quot;&quot;,&quot;focal_length&quot;:&quot;0&quot;,&quot;iso&quot;:&quot;0&quot;,&quot;shutter_speed&quot;:&quot;0&quot;,&quot;title&quot;:&quot;&quot;,&quot;orientation&quot;:&quot;0&quot;}\" data-image-title=\"154562053360074223878661717212195272796793593699727.jpg\" data-image-description=\"\" data-image-caption=\"\" data-medium-file=\"https:\/\/i0.wp.com\/www.kepadrisimo.com\/wp-content\/uploads\/2018\/12\/154562053360074223878661717212195272796793593699727.jpg?fit=300%2C300&amp;ssl=1\" data-large-file=\"https:\/\/i0.wp.com\/www.kepadrisimo.com\/wp-content\/uploads\/2018\/12\/154562053360074223878661717212195272796793593699727.jpg?fit=300%2C300&amp;ssl=1\" class=\"aligncenter size-full wp-image-955\" src=\"https:\/\/i0.wp.com\/www.kepadrisimo.com\/wp-content\/uploads\/2018\/12\/154562053360074223878661717212195272796793593699727.jpg?resize=300%2C300\" alt=\"\" width=\"300\" height=\"300\" srcset=\"https:\/\/i0.wp.com\/www.kepadrisimo.com\/wp-content\/uploads\/2018\/12\/154562053360074223878661717212195272796793593699727.jpg?w=300&amp;ssl=1 300w, https:\/\/i0.wp.com\/www.kepadrisimo.com\/wp-content\/uploads\/2018\/12\/154562053360074223878661717212195272796793593699727.jpg?resize=150%2C150&amp;ssl=1 150w, https:\/\/i0.wp.com\/www.kepadrisimo.com\/wp-content\/uploads\/2018\/12\/154562053360074223878661717212195272796793593699727.jpg?resize=100%2C100&amp;ssl=1 100w\" sizes=\"(max-width: 300px) 100vw, 300px\" data-recalc-dims=\"1\" \/><\/p>\n<p style=\"text-align: center;\"><strong>Mina de fragmentaci\u00f3n<\/strong><\/p>\n<p>Esta arma se convierte en un verdadero dolor de cabeza, ya que es peque\u00f1a y arrojada en la pista y detonar\u00e1 despu\u00e9s de 1 segundo, da\u00f1ando a cualquiera que se encuentre cerca.<\/p>\n<p><img loading=\"lazy\" decoding=\"async\" data-attachment-id=\"956\" data-permalink=\"https:\/\/www.kepadrisimo.com\/?attachment_id=956\" data-orig-file=\"https:\/\/i0.wp.com\/www.kepadrisimo.com\/wp-content\/uploads\/2018\/12\/154562058580924919303717419778018675278276416046351.jpg?fit=300%2C300&amp;ssl=1\" data-orig-size=\"300,300\" data-comments-opened=\"1\" data-image-meta=\"{&quot;aperture&quot;:&quot;0&quot;,&quot;credit&quot;:&quot;&quot;,&quot;camera&quot;:&quot;&quot;,&quot;caption&quot;:&quot;&quot;,&quot;created_timestamp&quot;:&quot;0&quot;,&quot;copyright&quot;:&quot;&quot;,&quot;focal_length&quot;:&quot;0&quot;,&quot;iso&quot;:&quot;0&quot;,&quot;shutter_speed&quot;:&quot;0&quot;,&quot;title&quot;:&quot;&quot;,&quot;orientation&quot;:&quot;0&quot;}\" data-image-title=\"154562058580924919303717419778018675278276416046351.jpg\" data-image-description=\"\" data-image-caption=\"\" data-medium-file=\"https:\/\/i0.wp.com\/www.kepadrisimo.com\/wp-content\/uploads\/2018\/12\/154562058580924919303717419778018675278276416046351.jpg?fit=300%2C300&amp;ssl=1\" data-large-file=\"https:\/\/i0.wp.com\/www.kepadrisimo.com\/wp-content\/uploads\/2018\/12\/154562058580924919303717419778018675278276416046351.jpg?fit=300%2C300&amp;ssl=1\" class=\"aligncenter size-full wp-image-956\" src=\"https:\/\/i0.wp.com\/www.kepadrisimo.com\/wp-content\/uploads\/2018\/12\/154562058580924919303717419778018675278276416046351.jpg?resize=300%2C300\" alt=\"\" width=\"300\" height=\"300\" srcset=\"https:\/\/i0.wp.com\/www.kepadrisimo.com\/wp-content\/uploads\/2018\/12\/154562058580924919303717419778018675278276416046351.jpg?w=300&amp;ssl=1 300w, https:\/\/i0.wp.com\/www.kepadrisimo.com\/wp-content\/uploads\/2018\/12\/154562058580924919303717419778018675278276416046351.jpg?resize=150%2C150&amp;ssl=1 150w, https:\/\/i0.wp.com\/www.kepadrisimo.com\/wp-content\/uploads\/2018\/12\/154562058580924919303717419778018675278276416046351.jpg?resize=100%2C100&amp;ssl=1 100w\" sizes=\"(max-width: 300px) 100vw, 300px\" data-recalc-dims=\"1\" \/><\/p>\n<p>Como podr\u00e1s ver, este veh\u00edculo te asegura horas de diversi\u00f3n,.<\/p>\n<h3>El futuro de las autopistas lleg\u00f3, estas listo?<\/h3>\n<ul class=\"a-unordered-list a-vertical a-spacing-none\">\n<li><span class=\"a-list-item\">Un starter kit o autopista Anki Overdrive y un dispositivo m\u00f3vil Android o IOS compatible, se requieren para jugar.<\/span><\/li>\n<\/ul>\n<p>&nbsp;<\/p>\n","protected":false},"excerpt":{"rendered":"[contact-form][contact-field label=\"Nombre\" type=\"name\"  required=\"true\" \/][contact-field label=\"Correo electr\u00f3nico\" type=\"email\" required=\"true\" \/][contact-field label=\"Web\" type=\"url\" \/][contact-field label=\"Mensaje\" type=\"textarea\" \/][\/contact-form]\n<p>Veh\u00edculo robotizado para expandir tu autopista Anki Overdrive.<\/p>\n<p><img loading=\"lazy\" decoding=\"async\" class=\"aligncenter size-medium wp-image-928\" src=\"http:\/\/www.kepadrisimo.com\/wp-content\/uploads\/2018\/12\/15444238596772545492418962416427342782664990650941-300x263.jpg\" alt=\"\" width=\"300\" height=\"263\" srcset=\"https:\/\/i0.wp.com\/www.kepadrisimo.com\/wp-content\/uploads\/2018\/12\/15444238596772545492418962416427342782664990650941.jpg?resize=300%2C263&amp;ssl=1 300w, https:\/\/i0.wp.com\/www.kepadrisimo.com\/wp-content\/uploads\/2018\/12\/15444238596772545492418962416427342782664990650941.jpg?resize=768%2C674&amp;ssl=1 768w, https:\/\/i0.wp.com\/www.kepadrisimo.com\/wp-content\/uploads\/2018\/12\/15444238596772545492418962416427342782664990650941.jpg?resize=1024%2C898&amp;ssl=1 1024w, https:\/\/i0.wp.com\/www.kepadrisimo.com\/wp-content\/uploads\/2018\/12\/15444238596772545492418962416427342782664990650941.jpg?resize=600%2C526&amp;ssl=1 600w, https:\/\/i0.wp.com\/www.kepadrisimo.com\/wp-content\/uploads\/2018\/12\/15444238596772545492418962416427342782664990650941.jpg?w=1361&amp;ssl=1 1361w\" sizes=\"(max-width: 300px) 100vw, 300px\" \/><\/p>\n<p>Se requiere un dispositivo inteligente ya sea tel\u00e9fono o tableta y la descarga de la aplicaci\u00f3n de Anki Overdrive.<\/p>\n<p>&nbsp;<\/p>\n","protected":false},"featured_media":929,"comment_status":"open","ping_status":"closed","template":"","meta":{"spay_email":"","jetpack_publicize_message":"","jetpack_is_tweetstorm":false,"jetpack_publicize_feature_enabled":true},"product_cat":[31,85],"product_tag":[65,62,88,21,34,64],"jetpack_publicize_connections":[],"jetpack_sharing_enabled":true,"jetpack_likes_enabled":true,"jetpack-related-posts":[{"id":480,"url":"https:\/\/www.kepadrisimo.com\/index.php\/producto\/autopista-anki-overdrive\/","url_meta":{"origin":952,"position":0},"title":"Autopista Anki Overdrive","date":"8 diciembre, 2017","format":false,"excerpt":"NoLo \u00faltimo y lo m\u00e1s esperado por ustedes y nosotros... Anki Overdrive --- Fast and Furious Edition Esta autopista esta y la traemos hasta ti, ve ahorrando y juntando todos tus domingos, los pesitos que te dan tus abuelitos o la lana que te ahorraste mientras sal\u00edas o no, con\u2026","rel":"","context":"Con 2 comentarios","img":{"alt_text":"","src":"https:\/\/i0.wp.com\/www.kepadrisimo.com\/wp-content\/uploads\/2017\/12\/IMG-20171222-WA0032.jpg?fit=500%2C366&ssl=1&resize=350%2C200","width":350,"height":200},"classes":[]},{"id":601,"url":"https:\/\/www.kepadrisimo.com\/index.php\/producto\/freewheel-para-anki-overdrive-copia\/","url_meta":{"origin":952,"position":1},"title":"Freewheel Supertruck para Anki Overdrive","date":"14 abril, 2021","format":false,"excerpt":"Anki Overdrive, el sistema inteligente de carreras de combate m\u00e1s avanzado del mundo, utiliza tu dispositivo m\u00f3vil favorito para conducir v\u00eda bluetooth, tus super autos en una autopista totalmente nueva, distinta y adictiva. Toma el control de verdaderos super autos y camiones ! Ahora ponemos a tu disposici\u00f3n este fant\u00e1stico\u2026","rel":"","context":"Entrada similar ","img":{"alt_text":"","src":"https:\/\/i0.wp.com\/www.kepadrisimo.com\/wp-content\/uploads\/2018\/02\/7170pkxqqhl-1562109746-1.jpg?fit=1200%2C858&ssl=1&resize=350%2C200","width":350,"height":200},"classes":[]},{"id":581,"url":"https:\/\/www.kepadrisimo.com\/index.php\/producto\/curva-para-autopista-anki-overdrive\/","url_meta":{"origin":952,"position":2},"title":"Curva para autopista Anki Overdrive","date":"9 enero, 2018","format":false,"excerpt":"Utiliza tu dispositivo m\u00f3vil para tomar control de los super autos rob\u00f3ticos en tu autopista Anki Overdrive, expande tu pista, construyendo rectas y curvas que a\u00f1aden emoci\u00f3n y pasi\u00f3n por la conducci\u00f3n, enfrentando retos sin escapatoria alguna.","rel":"","context":"Entrada similar ","img":{"alt_text":"","src":"https:\/\/i0.wp.com\/www.kepadrisimo.com\/wp-content\/uploads\/2018\/01\/81dlWcoAnLL._SL1500_.jpg?fit=1200%2C1200&ssl=1&resize=350%2C200","width":350,"height":200},"classes":[]},{"id":576,"url":"https:\/\/www.kepadrisimo.com\/index.php\/producto\/tramo-recto-para-autopista-anki-drive\/","url_meta":{"origin":952,"position":3},"title":"Tramo recto para autopista Anki drive","date":"31 diciembre, 2017","format":false,"excerpt":"Utiliza tu dispositivo m\u00f3vil para tomar control de los super autos rob\u00f3ticos en tu autopista Anki Overdrive, expande tu pista, construyendo rectas de alta velocidad sin escapatoria alguna. \u00a0 Requiere un sistema de juego Anki Overdrive","rel":"","context":"Entrada similar ","img":{"alt_text":"","src":"https:\/\/i0.wp.com\/www.kepadrisimo.com\/wp-content\/uploads\/2017\/12\/41FgS-bWssL._SY400_.jpg?fit=400%2C400&ssl=1&resize=350%2C200","width":350,"height":200},"classes":[]},{"id":2021,"url":"https:\/\/www.kepadrisimo.com\/index.php\/producto\/escultura-de-black-panther\/","url_meta":{"origin":952,"position":4},"title":"Escultura de Black Panther","date":"19 diciembre, 2021","format":false,"excerpt":"Escultura de colecci\u00f3n de Black Panther realizada por Kotobukiya Artfx, escala 1\/6.","rel":"","context":"Entrada similar ","img":{"alt_text":"","src":"https:\/\/i0.wp.com\/www.kepadrisimo.com\/wp-content\/uploads\/2018\/12\/img_20181206_094149586729874020806288.jpg?fit=900%2C1200&ssl=1&resize=350%2C200","width":350,"height":200},"classes":[]},{"id":2029,"url":"https:\/\/www.kepadrisimo.com\/index.php\/producto\/escultura-de-groot-y-rocket-racoon\/","url_meta":{"origin":952,"position":5},"title":"Escultura de Groot y Rocket Racoon.","date":"19 diciembre, 2021","format":false,"excerpt":"Escultura escala 1\/9 de Groot y Rocket Racoon de las marca Dragon.","rel":"","context":"Entrada similar ","img":{"alt_text":"","src":"https:\/\/i0.wp.com\/www.kepadrisimo.com\/wp-content\/uploads\/2021\/12\/IMG_20211122_121348-scaled.jpg?fit=900%2C1200&ssl=1&resize=350%2C200","width":350,"height":200},"classes":[]}],"_links":{"self":[{"href":"https:\/\/www.kepadrisimo.com\/index.php\/wp-json\/wp\/v2\/product\/952"}],"collection":[{"href":"https:\/\/www.kepadrisimo.com\/index.php\/wp-json\/wp\/v2\/product"}],"about":[{"href":"https:\/\/www.kepadrisimo.com\/index.php\/wp-json\/wp\/v2\/types\/product"}],"replies":[{"embeddable":true,"href":"https:\/\/www.kepadrisimo.com\/index.php\/wp-json\/wp\/v2\/comments?post=952"}],"wp:featuredmedia":[{"embeddable":true,"href":"https:\/\/www.kepadrisimo.com\/index.php\/wp-json\/wp\/v2\/media\/929"}],"wp:attachment":[{"href":"https:\/\/www.kepadrisimo.com\/index.php\/wp-json\/wp\/v2\/media?parent=952"}],"wp:term":[{"taxonomy":"product_cat","embeddable":true,"href":"https:\/\/www.kepadrisimo.com\/index.php\/wp-json\/wp\/v2\/product_cat?post=952"},{"taxonomy":"product_tag","embeddable":true,"href":"https:\/\/www.kepadrisimo.com\/index.php\/wp-json\/wp\/v2\/product_tag?post=952"}],"curies":[{"name":"wp","href":"https:\/\/api.w.org\/{rel}","templated":true}]}}