{"id":480,"date":"2017-12-08T17:51:15","date_gmt":"2017-12-08T23:51:15","guid":{"rendered":"http:\/\/www.kepadrisimo.com\/?post_type=product&#038;p=480"},"modified":"2025-06-06T12:13:41","modified_gmt":"2025-06-06T18:13:41","slug":"autopista-anki-overdrive","status":"publish","type":"product","link":"https:\/\/www.kepadrisimo.com\/index.php\/producto\/autopista-anki-overdrive\/","title":{"rendered":"Autopista Anki Overdrive"},"content":{"rendered":"<blockquote>\n<h5>NoLo \u00faltimo y lo m\u00e1s esperado por ustedes y nosotros&#8230; <img decoding=\"async\" class=\"size-full\" style=\"font-size: 16px;\" src=\"https:\/\/i0.wp.com\/www.kepadrisimo.com\/wp-content\/uploads\/2017\/11\/3fc646c5-35eb-433c-aab5-5ae7fb984958-1919558479..jpg?w=1140\" data-wpid=\"101\" data-recalc-dims=\"1\" \/><\/h5>\n<\/blockquote>\n<h2>Anki Overdrive &#8212; Fast and Furious Edition<\/h2>\n<p>Esta autopista esta y la traemos hasta ti, ve ahorrando y juntando todos tus domingos, los pesitos que te dan tus abuelitos o la lana que te ahorraste mientras sal\u00edas o no, con tu &#8220;cuchurrum\u00edn&#8221; o con la actual o pr\u00f3xima due\u00f1a de tus quincenas.<\/p>\n<p>La pista permite que los jugadores utilicen la app para iPhone o Android, controlando con \u00e9sta, la aceleraci\u00f3n y la direcci\u00f3n de los veh\u00edculos, aunque gracias a la tecnolog\u00eda infrarroja se trata m\u00e1s de cambiar de carril y maniobrar el auto,\u00a0 que de conducir con propiedad.<\/p>\n<p>Ganar carreras contra otros jugadores o dentro del propio juego, te hace ganar puntos, que se pueden usar para activar accesorios, armas y personajes en la app.<\/p>\n<p>Cada super auto est\u00e1 cargado con tecnolog\u00eda de punta, que integra un sensor \u00f3ptico, un CPU dedicado de 50 Mhz y dos motores de alto desempe\u00f1o para lograr una precisi\u00f3n milim\u00e9trica.<\/p>\n<p>En resumen, se puede afirmar que es incre\u00edblemente divertido y emocionante interactuar con las funciones b\u00e1sicas de todo el sistema, que adem\u00e1s, son muy sencillas de aprender.<\/p>\n<p>Parte juguete, parte videojuego.<\/p>\n<p>100% emoci\u00f3n.<\/p>\n<p><span class=\"embed-youtube\" style=\"text-align:center; display: block;\"><iframe loading=\"lazy\" class=\"youtube-player\" width=\"1140\" height=\"642\" src=\"https:\/\/www.youtube.com\/embed\/Vxknm9X4UqI?version=3&#038;rel=1&#038;showsearch=0&#038;showinfo=1&#038;iv_load_policy=1&#038;fs=1&#038;hl=es-MX&#038;autohide=2&#038;wmode=transparent\" allowfullscreen=\"true\" style=\"border:0;\" sandbox=\"allow-scripts allow-same-origin allow-popups allow-presentation\"><\/iframe><\/span><\/p>\n<h4>Anki Overdrive, Fast and furious edition<\/h4>\n<p>Incluye:<\/p>\n<ul class=\"a-unordered-list a-vertical\">\n<li>3 Tramos de pista recta<\/li>\n<li>1 pieza de pista exclusiva Power Zone track<\/li>\n<li>6 curvas de pista de 90\u00ba<\/li>\n<li>12 barras de contenci\u00f3n<\/li>\n<li>2 piezas de elevaci\u00f3n de pista<\/li>\n<li>1 Cargador para 4 veh\u00edculos<\/li>\n<li>1 limpiador de llantas<\/li>\n<\/ul>\n<ul>\n<li>Contiene (por supuesto) dos carros rob\u00f3ticos de &#8220;R\u00e1pido y Furioso&#8221;, el Ice Charger de Dom y el\u00a0 International MXT de Hobbs\u00b4<\/li>\n<\/ul>\n<p>Otras caracter\u00edsticas:<\/p>\n<ul>\n<li>Ampliable a 64 piezas de pista.<\/li>\n<li>Se controla a trav\u00e9s del app de iOS o Android.<\/li>\n<li>Tiene cinco modalidades de carrera.<\/li>\n<li>Tiene cuatro perfiles de conductor de &#8220;R\u00e1pido y Furioso&#8221;.<\/li>\n<li>Los puntos que se ganan activan nuevas armas y caracter\u00edsticas (sin microtransacciones)<\/li>\n<li>Los carros tienen un tiempo de funcionamiento de aproximadamente 15 minutos.<\/li>\n<li>El sistema de carga, que viene incluido, carga los carros en aproximadamente en ocho minutos.<\/li>\n<\/ul>\n<p>&nbsp;<\/p>\n<p><img loading=\"lazy\" decoding=\"async\" data-attachment-id=\"339\" data-permalink=\"https:\/\/www.kepadrisimo.com\/index.php\/tecnologia-que-deseamos-ya\/58c6510b-4c32-4dc1-add9-eadec61f06d3-292884965\/\" data-orig-file=\"https:\/\/i0.wp.com\/www.kepadrisimo.com\/wp-content\/uploads\/2017\/11\/58c6510b-4c32-4dc1-add9-eadec61f06d3-292884965.jpg?fit=300%2C300&amp;ssl=1\" data-orig-size=\"300,300\" data-comments-opened=\"1\" data-image-meta=\"{&quot;aperture&quot;:&quot;0&quot;,&quot;credit&quot;:&quot;&quot;,&quot;camera&quot;:&quot;&quot;,&quot;caption&quot;:&quot;&quot;,&quot;created_timestamp&quot;:&quot;0&quot;,&quot;copyright&quot;:&quot;&quot;,&quot;focal_length&quot;:&quot;0&quot;,&quot;iso&quot;:&quot;0&quot;,&quot;shutter_speed&quot;:&quot;0&quot;,&quot;title&quot;:&quot;&quot;,&quot;orientation&quot;:&quot;0&quot;}\" data-image-title=\"58c6510b-4c32-4dc1-add9-eadec61f06d3-292884965.jpg\" data-image-description=\"\" data-image-caption=\"\" data-medium-file=\"https:\/\/i0.wp.com\/www.kepadrisimo.com\/wp-content\/uploads\/2017\/11\/58c6510b-4c32-4dc1-add9-eadec61f06d3-292884965.jpg?fit=300%2C300&amp;ssl=1\" data-large-file=\"https:\/\/i0.wp.com\/www.kepadrisimo.com\/wp-content\/uploads\/2017\/11\/58c6510b-4c32-4dc1-add9-eadec61f06d3-292884965.jpg?fit=300%2C300&amp;ssl=1\" class=\"aligncenter size-full wp-image-339\" src=\"https:\/\/i0.wp.com\/www.kepadrisimo.com\/wp-content\/uploads\/2017\/11\/58c6510b-4c32-4dc1-add9-eadec61f06d3-292884965.jpg?resize=300%2C300\" alt=\"\" width=\"300\" height=\"300\" srcset=\"https:\/\/i0.wp.com\/www.kepadrisimo.com\/wp-content\/uploads\/2017\/11\/58c6510b-4c32-4dc1-add9-eadec61f06d3-292884965.jpg?w=300&amp;ssl=1 300w, https:\/\/i0.wp.com\/www.kepadrisimo.com\/wp-content\/uploads\/2017\/11\/58c6510b-4c32-4dc1-add9-eadec61f06d3-292884965.jpg?resize=150%2C150&amp;ssl=1 150w, https:\/\/i0.wp.com\/www.kepadrisimo.com\/wp-content\/uploads\/2017\/11\/58c6510b-4c32-4dc1-add9-eadec61f06d3-292884965.jpg?resize=180%2C180&amp;ssl=1 180w\" sizes=\"(max-width: 300px) 100vw, 300px\" data-recalc-dims=\"1\" \/><\/p>\n<p><img loading=\"lazy\" decoding=\"async\" data-attachment-id=\"340\" data-permalink=\"https:\/\/www.kepadrisimo.com\/index.php\/tecnologia-que-deseamos-ya\/32f60e92-5c3f-46d3-b106-80b2ba4c42b01265352426\/\" data-orig-file=\"https:\/\/i0.wp.com\/www.kepadrisimo.com\/wp-content\/uploads\/2017\/11\/32f60e92-5c3f-46d3-b106-80b2ba4c42b01265352426..jpg?fit=300%2C300&amp;ssl=1\" data-orig-size=\"300,300\" data-comments-opened=\"1\" data-image-meta=\"{&quot;aperture&quot;:&quot;0&quot;,&quot;credit&quot;:&quot;&quot;,&quot;camera&quot;:&quot;&quot;,&quot;caption&quot;:&quot;&quot;,&quot;created_timestamp&quot;:&quot;0&quot;,&quot;copyright&quot;:&quot;&quot;,&quot;focal_length&quot;:&quot;0&quot;,&quot;iso&quot;:&quot;0&quot;,&quot;shutter_speed&quot;:&quot;0&quot;,&quot;title&quot;:&quot;&quot;,&quot;orientation&quot;:&quot;0&quot;}\" data-image-title=\"32f60e92-5c3f-46d3-b106-80b2ba4c42b01265352426..jpg\" data-image-description=\"\" data-image-caption=\"\" data-medium-file=\"https:\/\/i0.wp.com\/www.kepadrisimo.com\/wp-content\/uploads\/2017\/11\/32f60e92-5c3f-46d3-b106-80b2ba4c42b01265352426..jpg?fit=300%2C300&amp;ssl=1\" data-large-file=\"https:\/\/i0.wp.com\/www.kepadrisimo.com\/wp-content\/uploads\/2017\/11\/32f60e92-5c3f-46d3-b106-80b2ba4c42b01265352426..jpg?fit=300%2C300&amp;ssl=1\" class=\"aligncenter size-full wp-image-340\" src=\"https:\/\/i0.wp.com\/www.kepadrisimo.com\/wp-content\/uploads\/2017\/11\/32f60e92-5c3f-46d3-b106-80b2ba4c42b01265352426..jpg?resize=300%2C300\" alt=\"\" width=\"300\" height=\"300\" srcset=\"https:\/\/i0.wp.com\/www.kepadrisimo.com\/wp-content\/uploads\/2017\/11\/32f60e92-5c3f-46d3-b106-80b2ba4c42b01265352426..jpg?w=300&amp;ssl=1 300w, https:\/\/i0.wp.com\/www.kepadrisimo.com\/wp-content\/uploads\/2017\/11\/32f60e92-5c3f-46d3-b106-80b2ba4c42b01265352426..jpg?resize=150%2C150&amp;ssl=1 150w, https:\/\/i0.wp.com\/www.kepadrisimo.com\/wp-content\/uploads\/2017\/11\/32f60e92-5c3f-46d3-b106-80b2ba4c42b01265352426..jpg?resize=180%2C180&amp;ssl=1 180w\" sizes=\"(max-width: 300px) 100vw, 300px\" data-recalc-dims=\"1\" \/><\/p>\n<p>Pidela ahora!<\/p>\n<p><span class=\"embed-youtube\" style=\"text-align:center; display: block;\"><iframe loading=\"lazy\" class=\"youtube-player\" width=\"1140\" height=\"642\" src=\"https:\/\/www.youtube.com\/embed\/IJ1Cqf_r_4M?version=3&#038;rel=1&#038;showsearch=0&#038;showinfo=1&#038;iv_load_policy=1&#038;fs=1&#038;hl=es-MX&#038;autohide=2&#038;wmode=transparent\" allowfullscreen=\"true\" style=\"border:0;\" sandbox=\"allow-scripts allow-same-origin allow-popups allow-presentation\"><\/iframe><\/span><\/p>\n<div style=\"width: 1140px;\" class=\"wp-video\"><!--[if lt IE 9]><script>document.createElement('video');<\/script><![endif]-->\n<video class=\"wp-video-shortcode\" id=\"video-480-1\" width=\"1140\" height=\"641\" preload=\"metadata\" controls=\"controls\"><source type=\"video\/mp4\" src=\"http:\/\/www.kepadrisimo.com\/wp-content\/uploads\/2018\/12\/VID_20180107_202720.mp4?_=1\" \/><a href=\"http:\/\/www.kepadrisimo.com\/wp-content\/uploads\/2018\/12\/VID_20180107_202720.mp4\">http:\/\/www.kepadrisimo.com\/wp-content\/uploads\/2018\/12\/VID_20180107_202720.mp4<\/a><\/video><\/div>\n","protected":false},"excerpt":{"rendered":"<p>NoLo \u00faltimo y lo m\u00e1s esperado por ustedes y nosotros&#8230; Anki Overdrive &#8212; Fast and Furious Edition Esta autopista esta y la traemos hasta ti, ve ahorrando y juntando todos tus domingos, los pesitos que te dan tus abuelitos o la lana que te ahorraste mientras sal\u00edas o no, con tu &#8220;cuchurrum\u00edn&#8221; o con la [&hellip;]<\/p>\n","protected":false},"featured_media":557,"comment_status":"open","ping_status":"closed","template":"","meta":{"spay_email":"","jetpack_publicize_message":"","jetpack_is_tweetstorm":false,"jetpack_publicize_feature_enabled":true},"product_cat":[31],"product_tag":[65,62,34,64,63],"jetpack_publicize_connections":[],"jetpack_sharing_enabled":true,"jetpack_likes_enabled":true,"jetpack-related-posts":[{"id":601,"url":"https:\/\/www.kepadrisimo.com\/index.php\/producto\/freewheel-para-anki-overdrive-copia\/","url_meta":{"origin":480,"position":0},"title":"Freewheel Supertruck para Anki Overdrive","date":"14 abril, 2021","format":false,"excerpt":"Anki Overdrive, el sistema inteligente de carreras de combate m\u00e1s avanzado del mundo, utiliza tu dispositivo m\u00f3vil favorito para conducir v\u00eda bluetooth, tus super autos en una autopista totalmente nueva, distinta y adictiva. Toma el control de verdaderos super autos y camiones ! Ahora ponemos a tu disposici\u00f3n este fant\u00e1stico\u2026","rel":"","context":"Entrada similar ","img":{"alt_text":"","src":"https:\/\/i0.wp.com\/www.kepadrisimo.com\/wp-content\/uploads\/2018\/02\/7170pkxqqhl-1562109746-1.jpg?fit=1200%2C858&ssl=1&resize=350%2C200","width":350,"height":200},"classes":[]},{"id":952,"url":"https:\/\/www.kepadrisimo.com\/index.php\/producto\/big-bang-para-anki-over-drive\/","url_meta":{"origin":480,"position":1},"title":"Big Bang para Anki Over Drive","date":"14 abril, 2020","format":false,"excerpt":"Veh\u00edculo robotizado para expandir tu autopista Anki Overdrive. Se requiere un dispositivo inteligente ya sea tel\u00e9fono o tableta y la descarga de la aplicaci\u00f3n de Anki Overdrive. \u00a0","rel":"","context":"Entrada similar ","img":{"alt_text":"","src":"https:\/\/i0.wp.com\/www.kepadrisimo.com\/wp-content\/uploads\/2018\/12\/154442388582240126668855962416464915197835561464064.jpg?fit=496%2C301&ssl=1&resize=350%2C200","width":350,"height":200},"classes":[]},{"id":581,"url":"https:\/\/www.kepadrisimo.com\/index.php\/producto\/curva-para-autopista-anki-overdrive\/","url_meta":{"origin":480,"position":2},"title":"Curva para autopista Anki Overdrive","date":"9 enero, 2018","format":false,"excerpt":"Utiliza tu dispositivo m\u00f3vil para tomar control de los super autos rob\u00f3ticos en tu autopista Anki Overdrive, expande tu pista, construyendo rectas y curvas que a\u00f1aden emoci\u00f3n y pasi\u00f3n por la conducci\u00f3n, enfrentando retos sin escapatoria alguna.","rel":"","context":"Entrada similar ","img":{"alt_text":"","src":"https:\/\/i0.wp.com\/www.kepadrisimo.com\/wp-content\/uploads\/2018\/01\/81dlWcoAnLL._SL1500_.jpg?fit=1200%2C1200&ssl=1&resize=350%2C200","width":350,"height":200},"classes":[]},{"id":576,"url":"https:\/\/www.kepadrisimo.com\/index.php\/producto\/tramo-recto-para-autopista-anki-drive\/","url_meta":{"origin":480,"position":3},"title":"Tramo recto para autopista Anki drive","date":"31 diciembre, 2017","format":false,"excerpt":"Utiliza tu dispositivo m\u00f3vil para tomar control de los super autos rob\u00f3ticos en tu autopista Anki Overdrive, expande tu pista, construyendo rectas de alta velocidad sin escapatoria alguna. \u00a0 Requiere un sistema de juego Anki Overdrive","rel":"","context":"Entrada similar ","img":{"alt_text":"","src":"https:\/\/i0.wp.com\/www.kepadrisimo.com\/wp-content\/uploads\/2017\/12\/41FgS-bWssL._SY400_.jpg?fit=400%2C400&ssl=1&resize=350%2C200","width":350,"height":200},"classes":[]},{"id":2021,"url":"https:\/\/www.kepadrisimo.com\/index.php\/producto\/escultura-de-black-panther\/","url_meta":{"origin":480,"position":4},"title":"Escultura de Black Panther","date":"19 diciembre, 2021","format":false,"excerpt":"Escultura de colecci\u00f3n de Black Panther realizada por Kotobukiya Artfx, escala 1\/6.","rel":"","context":"Entrada similar ","img":{"alt_text":"","src":"https:\/\/i0.wp.com\/www.kepadrisimo.com\/wp-content\/uploads\/2018\/12\/img_20181206_094149586729874020806288.jpg?fit=900%2C1200&ssl=1&resize=350%2C200","width":350,"height":200},"classes":[]},{"id":1994,"url":"https:\/\/www.kepadrisimo.com\/index.php\/producto\/playera-interactiva-de-guitarra\/","url_meta":{"origin":480,"position":5},"title":"Playera interactiva de Guitarra Dama","date":"5 diciembre, 2021","format":false,"excerpt":"Toca de verdad cualquier rola con esta innovadora playera. Con su mini amplificador podr\u00e1s escuchar a todo vol\u00famen tus interpretaciones. Utiliza 4 bater\u00edas AAA (no incluidas). Talla XL oriental (Mediana para M\u00e9xico). \u00danica talla y \u00fanico color. Saldos: playera nueva empaque maltratado. Adqui\u00e9rela con el 50% de descuento. \u00daltimas piezas!!!","rel":"","context":"Entrada similar ","img":{"alt_text":"Playera guitarra frente","src":"https:\/\/i0.wp.com\/www.kepadrisimo.com\/wp-content\/uploads\/2021\/12\/IMG_20210805_173105-scaled.jpg?fit=900%2C1200&ssl=1&resize=350%2C200","width":350,"height":200},"classes":[]}],"_links":{"self":[{"href":"https:\/\/www.kepadrisimo.com\/index.php\/wp-json\/wp\/v2\/product\/480"}],"collection":[{"href":"https:\/\/www.kepadrisimo.com\/index.php\/wp-json\/wp\/v2\/product"}],"about":[{"href":"https:\/\/www.kepadrisimo.com\/index.php\/wp-json\/wp\/v2\/types\/product"}],"replies":[{"embeddable":true,"href":"https:\/\/www.kepadrisimo.com\/index.php\/wp-json\/wp\/v2\/comments?post=480"}],"wp:featuredmedia":[{"embeddable":true,"href":"https:\/\/www.kepadrisimo.com\/index.php\/wp-json\/wp\/v2\/media\/557"}],"wp:attachment":[{"href":"https:\/\/www.kepadrisimo.com\/index.php\/wp-json\/wp\/v2\/media?parent=480"}],"wp:term":[{"taxonomy":"product_cat","embeddable":true,"href":"https:\/\/www.kepadrisimo.com\/index.php\/wp-json\/wp\/v2\/product_cat?post=480"},{"taxonomy":"product_tag","embeddable":true,"href":"https:\/\/www.kepadrisimo.com\/index.php\/wp-json\/wp\/v2\/product_tag?post=480"}],"curies":[{"name":"wp","href":"https:\/\/api.w.org\/{rel}","templated":true}]}}