{"id":416,"date":"2017-12-06T12:12:42","date_gmt":"2017-12-06T18:12:42","guid":{"rendered":"http:\/\/www.kepadrisimo.com\/?post_type=product&#038;p=416"},"modified":"2024-07-10T02:37:45","modified_gmt":"2024-07-10T08:37:45","slug":"porta-vino-magico","status":"publish","type":"product","link":"https:\/\/www.kepadrisimo.com\/index.php\/producto\/porta-vino-magico\/","title":{"rendered":"Porta vino m\u00e1gico"},"content":{"rendered":"<p>Super original y funcional!<\/p>\n<p>Porta Vino en forma de cadena, ideal para colocarlo en la mesa, trinchador o mostrador, soporta una botella, y no, no se caer\u00e1!<\/p>\n<p>&nbsp;<\/p>\n<p>&nbsp;<\/p>\n<p>&nbsp;<\/p>\n","protected":false},"excerpt":{"rendered":"<p>Super original y funcional! Porta Vino en forma de cadena, ideal para colocarlo en la mesa, trinchador o mostrador, soporta una botella, y no, no se caer\u00e1! &nbsp; &nbsp; &nbsp;<\/p>\n","protected":false},"featured_media":827,"comment_status":"open","ping_status":"closed","template":"","meta":{"spay_email":"","jetpack_publicize_message":"","jetpack_is_tweetstorm":false,"jetpack_publicize_feature_enabled":true},"product_cat":[31],"product_tag":[54,53,51,52],"class_list":{"0":"post-416","1":"product","2":"type-product","3":"status-publish","4":"has-post-thumbnail","6":"product_cat-articulos-divertidos","7":"product_tag-funcional","8":"product_tag-original","9":"product_tag-porta-vino","10":"product_tag-soporte","11":"czr-hentry"},"jetpack_publicize_connections":[],"jetpack_sharing_enabled":true,"jetpack_likes_enabled":true,"jetpack-related-posts":[{"id":2029,"url":"https:\/\/www.kepadrisimo.com\/index.php\/producto\/escultura-de-groot-y-rocket-racoon\/","url_meta":{"origin":416,"position":0},"title":"Escultura de Groot y Rocket Racoon.","date":"19 diciembre, 2021","format":false,"excerpt":"Escultura escala 1\/9 de Groot y Rocket Racoon de las marca Dragon.","rel":"","context":"Entrada similar ","img":{"alt_text":"","src":"https:\/\/i0.wp.com\/www.kepadrisimo.com\/wp-content\/uploads\/2021\/12\/IMG_20211122_121348-scaled.jpg?fit=900%2C1200&ssl=1&resize=350%2C200","width":350,"height":200},"classes":[]},{"id":2070,"url":"https:\/\/www.kepadrisimo.com\/index.php\/producto\/figuras-coleccionables-de-hawkeye-y-logan\/","url_meta":{"origin":416,"position":1},"title":"Figuras coleccionables de Hawkeye y Logan","date":"20 diciembre, 2021","format":false,"excerpt":"Figuras coleccionables de Hawkeye y Logan de 6\".","rel":"","context":"Entrada similar ","img":{"alt_text":"","src":"https:\/\/i0.wp.com\/www.kepadrisimo.com\/wp-content\/uploads\/2021\/12\/IMG_20210201_113842-scaled.jpg?fit=1200%2C963&ssl=1&resize=350%2C200","width":350,"height":200},"classes":[]},{"id":952,"url":"https:\/\/www.kepadrisimo.com\/index.php\/producto\/big-bang-para-anki-over-drive\/","url_meta":{"origin":416,"position":2},"title":"Big Bang para Anki Over Drive","date":"14 abril, 2020","format":false,"excerpt":"Veh\u00edculo robotizado para expandir tu autopista Anki Overdrive. Se requiere un dispositivo inteligente ya sea tel\u00e9fono o tableta y la descarga de la aplicaci\u00f3n de Anki Overdrive. \u00a0","rel":"","context":"Entrada similar ","img":{"alt_text":"","src":"https:\/\/i0.wp.com\/www.kepadrisimo.com\/wp-content\/uploads\/2018\/12\/154442388582240126668855962416464915197835561464064.jpg?fit=496%2C301&ssl=1&resize=350%2C200","width":350,"height":200},"classes":[]},{"id":601,"url":"https:\/\/www.kepadrisimo.com\/index.php\/producto\/freewheel-para-anki-overdrive-copia\/","url_meta":{"origin":416,"position":3},"title":"Freewheel Supertruck para Anki Overdrive","date":"14 abril, 2021","format":false,"excerpt":"Anki Overdrive, el sistema inteligente de carreras de combate m\u00e1s avanzado del mundo, utiliza tu dispositivo m\u00f3vil favorito para conducir v\u00eda bluetooth, tus super autos en una autopista totalmente nueva, distinta y adictiva. Toma el control de verdaderos super autos y camiones ! Ahora ponemos a tu disposici\u00f3n este fant\u00e1stico\u2026","rel":"","context":"Entrada similar ","img":{"alt_text":"","src":"https:\/\/i0.wp.com\/www.kepadrisimo.com\/wp-content\/uploads\/2018\/02\/7170pkxqqhl-1562109746-1.jpg?fit=1200%2C858&ssl=1&resize=350%2C200","width":350,"height":200},"classes":[]},{"id":480,"url":"https:\/\/www.kepadrisimo.com\/index.php\/producto\/autopista-anki-overdrive\/","url_meta":{"origin":416,"position":4},"title":"Autopista Anki Overdrive","date":"8 diciembre, 2017","format":false,"excerpt":"NoLo \u00faltimo y lo m\u00e1s esperado por ustedes y nosotros... Anki Overdrive --- Fast and Furious Edition Esta autopista esta y la traemos hasta ti, ve ahorrando y juntando todos tus domingos, los pesitos que te dan tus abuelitos o la lana que te ahorraste mientras sal\u00edas o no, con\u2026","rel":"","context":"Con 2 comentarios","img":{"alt_text":"","src":"https:\/\/i0.wp.com\/www.kepadrisimo.com\/wp-content\/uploads\/2017\/12\/IMG-20171222-WA0032.jpg?fit=500%2C366&ssl=1&resize=350%2C200","width":350,"height":200},"classes":[]},{"id":2042,"url":"https:\/\/www.kepadrisimo.com\/index.php\/producto\/mcfarlane-dc-collector-multipack-superman-vs-devastator\/","url_meta":{"origin":416,"position":5},"title":"McFarlane DC Collector Multipack &#8211; Superman Vs Devastator","date":"19 diciembre, 2021","format":false,"excerpt":"Impresionante pack de Superman Vs Devastator de 7\" de la marca Macfarlane.","rel":"","context":"Entrada similar ","img":{"alt_text":"","src":"https:\/\/i0.wp.com\/www.kepadrisimo.com\/wp-content\/uploads\/2021\/12\/IMG_20211007_170405-scaled.jpg?fit=1200%2C900&ssl=1&resize=350%2C200","width":350,"height":200},"classes":[]}],"_links":{"self":[{"href":"https:\/\/www.kepadrisimo.com\/index.php\/wp-json\/wp\/v2\/product\/416","targetHints":{"allow":["GET"]}}],"collection":[{"href":"https:\/\/www.kepadrisimo.com\/index.php\/wp-json\/wp\/v2\/product"}],"about":[{"href":"https:\/\/www.kepadrisimo.com\/index.php\/wp-json\/wp\/v2\/types\/product"}],"replies":[{"embeddable":true,"href":"https:\/\/www.kepadrisimo.com\/index.php\/wp-json\/wp\/v2\/comments?post=416"}],"wp:featuredmedia":[{"embeddable":true,"href":"https:\/\/www.kepadrisimo.com\/index.php\/wp-json\/wp\/v2\/media\/827"}],"wp:attachment":[{"href":"https:\/\/www.kepadrisimo.com\/index.php\/wp-json\/wp\/v2\/media?parent=416"}],"wp:term":[{"taxonomy":"product_cat","embeddable":true,"href":"https:\/\/www.kepadrisimo.com\/index.php\/wp-json\/wp\/v2\/product_cat?post=416"},{"taxonomy":"product_tag","embeddable":true,"href":"https:\/\/www.kepadrisimo.com\/index.php\/wp-json\/wp\/v2\/product_tag?post=416"}],"curies":[{"name":"wp","href":"https:\/\/api.w.org\/{rel}","templated":true}]}}