{"id":2059,"date":"2021-12-19T21:50:00","date_gmt":"2021-12-20T03:50:00","guid":{"rendered":"https:\/\/www.kepadrisimo.com\/?post_type=product&#038;p=2059"},"modified":"2021-12-19T21:50:00","modified_gmt":"2021-12-20T03:50:00","slug":"brett-favre-figura","status":"publish","type":"product","link":"https:\/\/www.kepadrisimo.com\/index.php\/producto\/brett-favre-figura\/","title":{"rendered":"Brett Favre figura."},"content":{"rendered":"<p>Figura de Brett Favre Collectors Edici\u00f3n de Green Bay Packers del a\u00f1o 2008 de la marca McFarlane.<\/p>\n<p>Figura de 6&#8243;.<\/p>\n","protected":false},"excerpt":{"rendered":"<p>Figura de colecci\u00f3n de Brett Favre con los empacadores.<\/p>\n<p>Marca: Macfarlane.<\/p>\n<p>Tama\u00f1o:\u00a0 6&#8243;<\/p>\n","protected":false},"featured_media":2060,"comment_status":"open","ping_status":"closed","template":"","meta":{"spay_email":"","jetpack_publicize_message":"","jetpack_is_tweetstorm":false,"jetpack_publicize_feature_enabled":true},"product_cat":[78],"product_tag":[121,119,122,123],"jetpack_publicize_connections":[],"jetpack_sharing_enabled":true,"jetpack_likes_enabled":true,"jetpack-related-posts":[{"id":2029,"url":"https:\/\/www.kepadrisimo.com\/index.php\/producto\/escultura-de-groot-y-rocket-racoon\/","url_meta":{"origin":2059,"position":0},"title":"Escultura de Groot y Rocket Racoon.","date":"19 diciembre, 2021","format":false,"excerpt":"Escultura escala 1\/9 de Groot y Rocket Racoon de las marca Dragon.","rel":"","context":"Entrada similar ","img":{"alt_text":"","src":"https:\/\/i0.wp.com\/www.kepadrisimo.com\/wp-content\/uploads\/2021\/12\/IMG_20211122_121348-scaled.jpg?fit=900%2C1200&ssl=1&resize=350%2C200","width":350,"height":200},"classes":[]},{"id":2067,"url":"https:\/\/www.kepadrisimo.com\/index.php\/producto\/thanos-marvel-legends\/","url_meta":{"origin":2059,"position":1},"title":"Thanos Marvel Legends.","date":"19 diciembre, 2021","format":false,"excerpt":"Exclusiva figura de Thanos de Cin\u00e9polis, 6\"","rel":"","context":"Entrada similar ","img":{"alt_text":"","src":"https:\/\/i0.wp.com\/www.kepadrisimo.com\/wp-content\/uploads\/2020\/03\/IMG_20190424_142126-scaled.jpg?fit=900%2C1200&ssl=1&resize=350%2C200","width":350,"height":200},"classes":[]},{"id":2042,"url":"https:\/\/www.kepadrisimo.com\/index.php\/producto\/mcfarlane-dc-collector-multipack-superman-vs-devastator\/","url_meta":{"origin":2059,"position":2},"title":"McFarlane DC Collector Multipack &#8211; Superman Vs Devastator","date":"19 diciembre, 2021","format":false,"excerpt":"Impresionante pack de Superman Vs Devastator de 7\" de la marca Macfarlane.","rel":"","context":"Entrada similar ","img":{"alt_text":"","src":"https:\/\/i0.wp.com\/www.kepadrisimo.com\/wp-content\/uploads\/2021\/12\/IMG_20211007_170405-scaled.jpg?fit=1200%2C900&ssl=1&resize=350%2C200","width":350,"height":200},"classes":[]},{"id":2021,"url":"https:\/\/www.kepadrisimo.com\/index.php\/producto\/escultura-de-black-panther\/","url_meta":{"origin":2059,"position":3},"title":"Escultura de Black Panther","date":"19 diciembre, 2021","format":false,"excerpt":"Escultura de colecci\u00f3n de Black Panther realizada por Kotobukiya Artfx, escala 1\/6.","rel":"","context":"Entrada similar ","img":{"alt_text":"","src":"https:\/\/i0.wp.com\/www.kepadrisimo.com\/wp-content\/uploads\/2018\/12\/img_20181206_094149586729874020806288.jpg?fit=900%2C1200&ssl=1&resize=350%2C200","width":350,"height":200},"classes":[]},{"id":2070,"url":"https:\/\/www.kepadrisimo.com\/index.php\/producto\/figuras-coleccionables-de-hawkeye-y-logan\/","url_meta":{"origin":2059,"position":4},"title":"Figuras coleccionables de Hawkeye y Logan","date":"20 diciembre, 2021","format":false,"excerpt":"Figuras coleccionables de Hawkeye y Logan de 6\".","rel":"","context":"Entrada similar ","img":{"alt_text":"","src":"https:\/\/i0.wp.com\/www.kepadrisimo.com\/wp-content\/uploads\/2021\/12\/IMG_20210201_113842-scaled.jpg?fit=1200%2C963&ssl=1&resize=350%2C200","width":350,"height":200},"classes":[]},{"id":2005,"url":"https:\/\/www.kepadrisimo.com\/index.php\/producto\/playera-interactiva-de-guitarra-2\/","url_meta":{"origin":2059,"position":5},"title":"Playera interactiva de Guitarra","date":"5 diciembre, 2021","format":false,"excerpt":"\u00a0 \u00a0 Toca de verdad cualquier rola con esta innovadora playera. Con su mini amplificador podr\u00e1s escuchar a todo vol\u00famen tus interpretaciones. Utiliza 4 bater\u00edas AAA (no incluidas). Talla de ni\u00f1o 6 a\u00f1os \u00danica talla y \u00fanico color. Saldos: playera nueva empaque maltratado. Adqui\u00e9rela con el 50% de descuento. \u00danica\u2026","rel":"","context":"Entrada similar ","img":{"alt_text":"","src":"https:\/\/i0.wp.com\/www.kepadrisimo.com\/wp-content\/uploads\/2021\/12\/IMG_20211030_191024-scaled.jpg?fit=900%2C1200&ssl=1&resize=350%2C200","width":350,"height":200},"classes":[]}],"_links":{"self":[{"href":"https:\/\/www.kepadrisimo.com\/index.php\/wp-json\/wp\/v2\/product\/2059"}],"collection":[{"href":"https:\/\/www.kepadrisimo.com\/index.php\/wp-json\/wp\/v2\/product"}],"about":[{"href":"https:\/\/www.kepadrisimo.com\/index.php\/wp-json\/wp\/v2\/types\/product"}],"replies":[{"embeddable":true,"href":"https:\/\/www.kepadrisimo.com\/index.php\/wp-json\/wp\/v2\/comments?post=2059"}],"wp:featuredmedia":[{"embeddable":true,"href":"https:\/\/www.kepadrisimo.com\/index.php\/wp-json\/wp\/v2\/media\/2060"}],"wp:attachment":[{"href":"https:\/\/www.kepadrisimo.com\/index.php\/wp-json\/wp\/v2\/media?parent=2059"}],"wp:term":[{"taxonomy":"product_cat","embeddable":true,"href":"https:\/\/www.kepadrisimo.com\/index.php\/wp-json\/wp\/v2\/product_cat?post=2059"},{"taxonomy":"product_tag","embeddable":true,"href":"https:\/\/www.kepadrisimo.com\/index.php\/wp-json\/wp\/v2\/product_tag?post=2059"}],"curies":[{"name":"wp","href":"https:\/\/api.w.org\/{rel}","templated":true}]}}