{"id":2005,"date":"2021-12-05T21:09:26","date_gmt":"2021-12-06T03:09:26","guid":{"rendered":"https:\/\/www.kepadrisimo.com\/?post_type=product&#038;p=2005"},"modified":"2025-05-22T10:05:43","modified_gmt":"2025-05-22T16:05:43","slug":"playera-interactiva-de-guitarra-2","status":"publish","type":"product","link":"https:\/\/www.kepadrisimo.com\/index.php\/producto\/playera-interactiva-de-guitarra-2\/","title":{"rendered":"Playera interactiva de Guitarra"},"content":{"rendered":"<p>&nbsp;<\/p>\n<p>&nbsp;<\/p>\n<p><img loading=\"lazy\" decoding=\"async\" data-attachment-id=\"2008\" data-permalink=\"https:\/\/www.kepadrisimo.com\/?attachment_id=2008\" data-orig-file=\"https:\/\/i0.wp.com\/www.kepadrisimo.com\/wp-content\/uploads\/2021\/12\/IMG_20211104_111651-scaled.jpg?fit=1920%2C2560&amp;ssl=1\" data-orig-size=\"1920,2560\" data-comments-opened=\"1\" data-image-meta=\"{&quot;aperture&quot;:&quot;1.8&quot;,&quot;credit&quot;:&quot;&quot;,&quot;camera&quot;:&quot;YAL-L21&quot;,&quot;caption&quot;:&quot;hdrpl&quot;,&quot;created_timestamp&quot;:&quot;1635621086&quot;,&quot;copyright&quot;:&quot;&quot;,&quot;focal_length&quot;:&quot;4.75&quot;,&quot;iso&quot;:&quot;800&quot;,&quot;shutter_speed&quot;:&quot;0.04&quot;,&quot;title&quot;:&quot;hdrpl&quot;,&quot;orientation&quot;:&quot;1&quot;}\" data-image-title=\"hdrpl\" data-image-description=\"\" data-image-caption=\"&lt;p&gt;hdrpl&lt;\/p&gt;\n\" data-medium-file=\"https:\/\/i0.wp.com\/www.kepadrisimo.com\/wp-content\/uploads\/2021\/12\/IMG_20211104_111651-scaled.jpg?fit=225%2C300&amp;ssl=1\" data-large-file=\"https:\/\/i0.wp.com\/www.kepadrisimo.com\/wp-content\/uploads\/2021\/12\/IMG_20211104_111651-scaled.jpg?fit=768%2C1024&amp;ssl=1\" class=\"size-large wp-image-2008\" src=\"https:\/\/i0.wp.com\/www.kepadrisimo.com\/wp-content\/uploads\/2021\/12\/IMG_20211104_111651.jpg?resize=768%2C1024&#038;ssl=1\" alt=\"\" width=\"768\" height=\"1024\" srcset=\"https:\/\/i0.wp.com\/www.kepadrisimo.com\/wp-content\/uploads\/2021\/12\/IMG_20211104_111651-scaled.jpg?resize=768%2C1024&amp;ssl=1 768w, https:\/\/i0.wp.com\/www.kepadrisimo.com\/wp-content\/uploads\/2021\/12\/IMG_20211104_111651-scaled.jpg?resize=225%2C300&amp;ssl=1 225w, https:\/\/i0.wp.com\/www.kepadrisimo.com\/wp-content\/uploads\/2021\/12\/IMG_20211104_111651-scaled.jpg?resize=1152%2C1536&amp;ssl=1 1152w, https:\/\/i0.wp.com\/www.kepadrisimo.com\/wp-content\/uploads\/2021\/12\/IMG_20211104_111651-scaled.jpg?resize=1536%2C2048&amp;ssl=1 1536w, https:\/\/i0.wp.com\/www.kepadrisimo.com\/wp-content\/uploads\/2021\/12\/IMG_20211104_111651-scaled.jpg?resize=600%2C800&amp;ssl=1 600w, https:\/\/i0.wp.com\/www.kepadrisimo.com\/wp-content\/uploads\/2021\/12\/IMG_20211104_111651-scaled.jpg?w=1920&amp;ssl=1 1920w\" sizes=\"(max-width: 768px) 100vw, 768px\" data-recalc-dims=\"1\" \/><\/p>\n<p>Toca de verdad cualquier rola con esta innovadora playera.<\/p>\n<p>Con su mini amplificador podr\u00e1s escuchar a todo vol\u00famen tus interpretaciones.<\/p>\n<p>Utiliza 4 bater\u00edas AAA (no incluidas).<\/p>\n<p>Talla de ni\u00f1o 6 a\u00f1os<\/p>\n<p>\u00danica talla y \u00fanico color.<\/p>\n<p>Saldos: playera nueva empaque maltratado.<\/p>\n<p>Adqui\u00e9rela con el 50% de descuento.<\/p>\n<blockquote><p>\u00danica pieza!!!<\/p><\/blockquote>\n","protected":false},"excerpt":{"rendered":"<p>&nbsp; &nbsp; Toca de verdad cualquier rola con esta innovadora playera. Con su mini amplificador podr\u00e1s escuchar a todo vol\u00famen tus interpretaciones. Utiliza 4 bater\u00edas AAA (no incluidas). Talla de ni\u00f1o 6 a\u00f1os \u00danica talla y \u00fanico color. Saldos: playera nueva empaque maltratado. Adqui\u00e9rela con el 50% de descuento. \u00danica pieza!!!<\/p>\n","protected":false},"featured_media":2006,"comment_status":"open","ping_status":"closed","template":"","meta":{"spay_email":"","jetpack_publicize_message":"","jetpack_is_tweetstorm":false,"jetpack_publicize_feature_enabled":true},"product_cat":[31,20],"product_tag":[107,108,106],"jetpack_publicize_connections":[],"jetpack_sharing_enabled":true,"jetpack_likes_enabled":true,"jetpack-related-posts":[{"id":1994,"url":"https:\/\/www.kepadrisimo.com\/index.php\/producto\/playera-interactiva-de-guitarra\/","url_meta":{"origin":2005,"position":0},"title":"Playera interactiva de Guitarra Dama","date":"5 diciembre, 2021","format":false,"excerpt":"Toca de verdad cualquier rola con esta innovadora playera. Con su mini amplificador podr\u00e1s escuchar a todo vol\u00famen tus interpretaciones. Utiliza 4 bater\u00edas AAA (no incluidas). Talla XL oriental (Mediana para M\u00e9xico). \u00danica talla y \u00fanico color. Saldos: playera nueva empaque maltratado. Adqui\u00e9rela con el 50% de descuento. \u00daltimas piezas!!!","rel":"","context":"Entrada similar ","img":{"alt_text":"Playera guitarra frente","src":"https:\/\/i0.wp.com\/www.kepadrisimo.com\/wp-content\/uploads\/2021\/12\/IMG_20210805_173105-scaled.jpg?fit=900%2C1200&ssl=1&resize=350%2C200","width":350,"height":200},"classes":[]},{"id":2029,"url":"https:\/\/www.kepadrisimo.com\/index.php\/producto\/escultura-de-groot-y-rocket-racoon\/","url_meta":{"origin":2005,"position":1},"title":"Escultura de Groot y Rocket Racoon.","date":"19 diciembre, 2021","format":false,"excerpt":"Escultura escala 1\/9 de Groot y Rocket Racoon de las marca Dragon.","rel":"","context":"Entrada similar ","img":{"alt_text":"","src":"https:\/\/i0.wp.com\/www.kepadrisimo.com\/wp-content\/uploads\/2021\/12\/IMG_20211122_121348-scaled.jpg?fit=900%2C1200&ssl=1&resize=350%2C200","width":350,"height":200},"classes":[]},{"id":480,"url":"https:\/\/www.kepadrisimo.com\/index.php\/producto\/autopista-anki-overdrive\/","url_meta":{"origin":2005,"position":2},"title":"Autopista Anki Overdrive","date":"8 diciembre, 2017","format":false,"excerpt":"NoLo \u00faltimo y lo m\u00e1s esperado por ustedes y nosotros... Anki Overdrive --- Fast and Furious Edition Esta autopista esta y la traemos hasta ti, ve ahorrando y juntando todos tus domingos, los pesitos que te dan tus abuelitos o la lana que te ahorraste mientras sal\u00edas o no, con\u2026","rel":"","context":"Con 2 comentarios","img":{"alt_text":"","src":"https:\/\/i0.wp.com\/www.kepadrisimo.com\/wp-content\/uploads\/2017\/12\/IMG-20171222-WA0032.jpg?fit=500%2C366&ssl=1&resize=350%2C200","width":350,"height":200},"classes":[]},{"id":2042,"url":"https:\/\/www.kepadrisimo.com\/index.php\/producto\/mcfarlane-dc-collector-multipack-superman-vs-devastator\/","url_meta":{"origin":2005,"position":3},"title":"McFarlane DC Collector Multipack &#8211; Superman Vs Devastator","date":"19 diciembre, 2021","format":false,"excerpt":"Impresionante pack de Superman Vs Devastator de 7\" de la marca Macfarlane.","rel":"","context":"Entrada similar ","img":{"alt_text":"","src":"https:\/\/i0.wp.com\/www.kepadrisimo.com\/wp-content\/uploads\/2021\/12\/IMG_20211007_170405-scaled.jpg?fit=1200%2C900&ssl=1&resize=350%2C200","width":350,"height":200},"classes":[]},{"id":601,"url":"https:\/\/www.kepadrisimo.com\/index.php\/producto\/freewheel-para-anki-overdrive-copia\/","url_meta":{"origin":2005,"position":4},"title":"Freewheel Supertruck para Anki Overdrive","date":"14 abril, 2021","format":false,"excerpt":"Anki Overdrive, el sistema inteligente de carreras de combate m\u00e1s avanzado del mundo, utiliza tu dispositivo m\u00f3vil favorito para conducir v\u00eda bluetooth, tus super autos en una autopista totalmente nueva, distinta y adictiva. Toma el control de verdaderos super autos y camiones ! Ahora ponemos a tu disposici\u00f3n este fant\u00e1stico\u2026","rel":"","context":"Entrada similar ","img":{"alt_text":"","src":"https:\/\/i0.wp.com\/www.kepadrisimo.com\/wp-content\/uploads\/2018\/02\/7170pkxqqhl-1562109746-1.jpg?fit=1200%2C858&ssl=1&resize=350%2C200","width":350,"height":200},"classes":[]},{"id":2021,"url":"https:\/\/www.kepadrisimo.com\/index.php\/producto\/escultura-de-black-panther\/","url_meta":{"origin":2005,"position":5},"title":"Escultura de Black Panther","date":"19 diciembre, 2021","format":false,"excerpt":"Escultura de colecci\u00f3n de Black Panther realizada por Kotobukiya Artfx, escala 1\/6.","rel":"","context":"Entrada similar ","img":{"alt_text":"","src":"https:\/\/i0.wp.com\/www.kepadrisimo.com\/wp-content\/uploads\/2018\/12\/img_20181206_094149586729874020806288.jpg?fit=900%2C1200&ssl=1&resize=350%2C200","width":350,"height":200},"classes":[]}],"_links":{"self":[{"href":"https:\/\/www.kepadrisimo.com\/index.php\/wp-json\/wp\/v2\/product\/2005"}],"collection":[{"href":"https:\/\/www.kepadrisimo.com\/index.php\/wp-json\/wp\/v2\/product"}],"about":[{"href":"https:\/\/www.kepadrisimo.com\/index.php\/wp-json\/wp\/v2\/types\/product"}],"replies":[{"embeddable":true,"href":"https:\/\/www.kepadrisimo.com\/index.php\/wp-json\/wp\/v2\/comments?post=2005"}],"wp:featuredmedia":[{"embeddable":true,"href":"https:\/\/www.kepadrisimo.com\/index.php\/wp-json\/wp\/v2\/media\/2006"}],"wp:attachment":[{"href":"https:\/\/www.kepadrisimo.com\/index.php\/wp-json\/wp\/v2\/media?parent=2005"}],"wp:term":[{"taxonomy":"product_cat","embeddable":true,"href":"https:\/\/www.kepadrisimo.com\/index.php\/wp-json\/wp\/v2\/product_cat?post=2005"},{"taxonomy":"product_tag","embeddable":true,"href":"https:\/\/www.kepadrisimo.com\/index.php\/wp-json\/wp\/v2\/product_tag?post=2005"}],"curies":[{"name":"wp","href":"https:\/\/api.w.org\/{rel}","templated":true}]}}