{"id":76,"date":"2017-11-11T10:46:17","date_gmt":"2017-11-11T16:46:17","guid":{"rendered":"http:\/\/www.kepadrisimo.com\/index.php\/mi-cuenta\/"},"modified":"2020-03-05T22:47:08","modified_gmt":"2020-03-06T04:47:08","slug":"mi-cuenta","status":"publish","type":"page","link":"https:\/\/www.kepadrisimo.com\/index.php\/mi-cuenta\/","title":{"rendered":"Mi cuenta"},"content":{"rendered":"<div class=\"woocommerce\"><\/div>\n","protected":false},"excerpt":{"rendered":"","protected":false},"author":1,"featured_media":0,"parent":0,"menu_order":0,"comment_status":"closed","ping_status":"closed","template":"","meta":{"spay_email":"","footnotes":""},"jetpack_sharing_enabled":true,"jetpack_shortlink":"https:\/\/wp.me\/P9n2l2-1e","jetpack_likes_enabled":true,"jetpack-related-posts":[{"id":1046,"url":"https:\/\/www.kepadrisimo.com\/index.php\/tienda\/politicas-y-garantias\/","url_meta":{"origin":76,"position":0},"title":"Pol\u00edticas y garant\u00edas","date":"5 marzo, 2020","format":false,"excerpt":"Politicas de KEpadrisimo Env\u00edos y tiempos de entrega Permite entre 24 y 48 horas para procesar la orden. Todos los env\u00edos dentro de Territorio Mexicano, se realizan a trav\u00e9s de distintas mensajer\u00edas como por ejemplo: FEDEX, DHL, Multipack, REDPACK \u00f3 Estafeta y viajan con seguro incluido, bajo el resguardo de\u2026","rel":"","context":"Entrada similar ","img":{"alt_text":"KEpol\u00edticas","src":"https:\/\/i0.wp.com\/www.kepadrisimo.com\/wp-content\/uploads\/2020\/03\/ephoto_1565056513013.jpg?resize=350%2C200&ssl=1","width":350,"height":200},"classes":[]}],"_links":{"self":[{"href":"https:\/\/www.kepadrisimo.com\/index.php\/wp-json\/wp\/v2\/pages\/76"}],"collection":[{"href":"https:\/\/www.kepadrisimo.com\/index.php\/wp-json\/wp\/v2\/pages"}],"about":[{"href":"https:\/\/www.kepadrisimo.com\/index.php\/wp-json\/wp\/v2\/types\/page"}],"author":[{"embeddable":true,"href":"https:\/\/www.kepadrisimo.com\/index.php\/wp-json\/wp\/v2\/users\/1"}],"replies":[{"embeddable":true,"href":"https:\/\/www.kepadrisimo.com\/index.php\/wp-json\/wp\/v2\/comments?post=76"}],"version-history":[{"count":1,"href":"https:\/\/www.kepadrisimo.com\/index.php\/wp-json\/wp\/v2\/pages\/76\/revisions"}],"predecessor-version":[{"id":1469,"href":"https:\/\/www.kepadrisimo.com\/index.php\/wp-json\/wp\/v2\/pages\/76\/revisions\/1469"}],"wp:attachment":[{"href":"https:\/\/www.kepadrisimo.com\/index.php\/wp-json\/wp\/v2\/media?parent=76"}],"curies":[{"name":"wp","href":"https:\/\/api.w.org\/{rel}","templated":true}]}}