{"id":5,"date":"2017-11-08T14:43:12","date_gmt":"2017-11-08T20:43:12","guid":{"rendered":"http:\/\/www.kepadrisimo.com\/?page_id=5"},"modified":"2021-12-06T15:57:50","modified_gmt":"2021-12-06T21:57:50","slug":"acerca-de","status":"publish","type":"page","link":"https:\/\/www.kepadrisimo.com\/index.php\/acerca-de\/","title":{"rendered":"Qui\u00e9nes somos"},"content":{"rendered":"<p><img loading=\"lazy\" decoding=\"async\" data-attachment-id=\"108\" data-permalink=\"https:\/\/www.kepadrisimo.com\/index.php\/acerca-de\/kepadrisimo_s_mascot_origin\/\" data-orig-file=\"https:\/\/i0.wp.com\/www.kepadrisimo.com\/wp-content\/uploads\/2017\/11\/kepadrisimo_s_mascot_origin.jpg?fit=827%2C965&amp;ssl=1\" data-orig-size=\"827,965\" data-comments-opened=\"1\" data-image-meta=\"{&quot;aperture&quot;:&quot;0&quot;,&quot;credit&quot;:&quot;&quot;,&quot;camera&quot;:&quot;&quot;,&quot;caption&quot;:&quot;&quot;,&quot;created_timestamp&quot;:&quot;0&quot;,&quot;copyright&quot;:&quot;&quot;,&quot;focal_length&quot;:&quot;0&quot;,&quot;iso&quot;:&quot;0&quot;,&quot;shutter_speed&quot;:&quot;0&quot;,&quot;title&quot;:&quot;&quot;,&quot;orientation&quot;:&quot;0&quot;}\" data-image-title=\"kepadrisimo_s_mascot_origin\" data-image-description=\"\" data-image-caption=\"\" data-medium-file=\"https:\/\/i0.wp.com\/www.kepadrisimo.com\/wp-content\/uploads\/2017\/11\/kepadrisimo_s_mascot_origin.jpg?fit=257%2C300&amp;ssl=1\" data-large-file=\"https:\/\/i0.wp.com\/www.kepadrisimo.com\/wp-content\/uploads\/2017\/11\/kepadrisimo_s_mascot_origin.jpg?fit=827%2C965&amp;ssl=1\" class=\"wp-image-108 alignleft\" src=\"https:\/\/i0.wp.com\/www.kepadrisimo.com\/wp-content\/uploads\/2017\/11\/kepadrisimo_s_mascot_origin-257x300.jpg?resize=397%2C463\" alt=\"\" width=\"397\" height=\"463\"  data-recalc-dims=\"1\"><\/p>\n<p><\/p>\n<p>Somos una empresa que tiene el objetivo de ofrecerte art\u00edculos sorprendentes y divertidos, pero ante todo, buscamos obtener una sonrisa de tu rostro.<\/p>\n<p>Somos una divisi\u00f3n de KE Comercializadora, enfocada a proporcionarte lo mejor en tecnolog\u00eda para que verdaderamente te sorprendas y sorprendas a los dem\u00e1s.<\/p>\n<p><\/p>\n\n\n<h2 class=\"wp-block-heading\">Visi\u00f3n<\/h2>\n\n\n\n<p> Somos una empresa reconocida a nivel mundial por la oferta de productos, servicios e ideas innovadoras y altamente creativas que detonan en nuestros clientes, pasi\u00f3n por nuestra marca. <\/p>\n\n\n\n<h2 class=\"wp-block-heading\">Misi\u00f3n<\/h2>\n\n\n\n<p> KEpadr\u00edsimo tiene el compromiso de ofrecer a sus clientes una gama de productos y servicios altamente innovadores, seleccionados minusciosamente y enfocados a despertar un sentimiento de asombro y satisfacci\u00f3n al adquirirlos; considerando la responsabilidad social que implican nuestras operaciones. <\/p>\n\n\n\n<h2 class=\"wp-block-heading\">Valores<\/h2>\n\n\n\n<p>Lo m\u00e1s importante para nosotros es la HONESTIDAD lo cual conlleva per se al RESPETO, hacia t\u00ed como persona y hacia nosotros mismos como parte de un negocio que nos apasiona y sobre todo que se enfoca en tu satisfacci\u00f3n.<\/p>\n\n\n\n<p>Procuramos ponernos de tu lado, fomentando as\u00ed la IGUALDAD, la TOLERANCIA y el ENTENDIMIENTO.<\/p>\n","protected":false},"excerpt":{"rendered":"<p>Somos una empresa que tiene el objetivo de ofrecerte art\u00edculos sorprendentes y divertidos, pero ante todo, buscamos obtener una sonrisa de tu rostro. Somos una divisi\u00f3n de KE Comercializadora, enfocada a proporcionarte lo mejor en tecnolog\u00eda para que verdaderamente te sorprendas y sorprendas a los dem\u00e1s. Visi\u00f3n Somos una empresa reconocida a nivel mundial por [&hellip;]<\/p>\n","protected":false},"author":1,"featured_media":0,"parent":0,"menu_order":0,"comment_status":"closed","ping_status":"closed","template":"","meta":{"spay_email":"","footnotes":""},"jetpack_sharing_enabled":true,"jetpack_shortlink":"https:\/\/wp.me\/P9n2l2-5","jetpack_likes_enabled":true,"jetpack-related-posts":[{"id":1649,"url":"https:\/\/www.kepadrisimo.com\/index.php\/tienda\/empresas-recomendadas\/","url_meta":{"origin":5,"position":0},"title":"Empresas Recomendadas","date":"7 mayo, 2020","format":false,"excerpt":"Te traemos un conjunto de PYMES y profesionales, que se han vuelto de nuestros favoritos, ya sea por su desempe\u00f1o, su servicio, su atenci\u00f3n, su dedicaci\u00f3n o por todo ello y m\u00e1s. Simplemente, nuestras recomendaciones para hacer negocios o recibir alg\u00fan servicio de su parte. En resumen: KEpadr\u00edsimas recomendaciones de\u2026","rel":"","context":"Entrada similar ","img":{"alt_text":"","src":"https:\/\/i0.wp.com\/www.kepadrisimo.com\/wp-content\/uploads\/2020\/04\/ephoto_1588114181438.jpg?fit=768%2C432&ssl=1&resize=350%2C200","width":350,"height":200},"classes":[]},{"id":1046,"url":"https:\/\/www.kepadrisimo.com\/index.php\/tienda\/politicas-y-garantias\/","url_meta":{"origin":5,"position":1},"title":"Pol\u00edticas y garant\u00edas","date":"5 marzo, 2020","format":false,"excerpt":"Politicas de KEpadrisimo Env\u00edos y tiempos de entrega Permite entre 24 y 48 horas para procesar la orden. Todos los env\u00edos dentro de Territorio Mexicano, se realizan a trav\u00e9s de distintas mensajer\u00edas como por ejemplo: FEDEX, DHL, Multipack, REDPACK \u00f3 Estafeta y viajan con seguro incluido, bajo el resguardo de\u2026","rel":"","context":"Entrada similar ","img":{"alt_text":"KEpol\u00edticas","src":"https:\/\/i0.wp.com\/www.kepadrisimo.com\/wp-content\/uploads\/2020\/03\/ephoto_1565056513013.jpg?resize=350%2C200&ssl=1","width":350,"height":200},"classes":[]},{"id":179,"url":"https:\/\/www.kepadrisimo.com\/index.php\/tecnologia-que-deseamos-ya\/","url_meta":{"origin":5,"position":2},"title":"Producto Estelar!","date":"25 noviembre, 2017","format":false,"excerpt":"Lo \u00faltimo y lo m\u00e1s esperado por ustedes y nosotros... Iron man\u00a0 --- MK 50 Robot\u00a0 por UBTech Ponte el traje de Tony Stark con la ic\u00f3nica armadura Mark 50 y entra en combate en una serie de campos de batalla y algunos de prueba que fueron desarrollados por su\u2026","rel":"","context":"En &quot;KE padrisimo&quot;","img":{"alt_text":"","src":"https:\/\/i0.wp.com\/www.kepadrisimo.com\/wp-content\/uploads\/2020\/12\/UBTECH_IRONMAN_4-1024x1024.jpg?resize=350%2C200&ssl=1","width":350,"height":200},"classes":[]},{"id":6,"url":"https:\/\/www.kepadrisimo.com\/index.php\/contactanos\/","url_meta":{"origin":5,"position":3},"title":"Cont\u00e1ctanos","date":"8 noviembre, 2017","format":false,"excerpt":"Donde estamos???? Nos encontramos en Tlalnepantla Estado de M\u00e9xico, pero como sabemos que no todos pueden venir a estos rumbos, hemos optado por acercarles los productos un poco m\u00e1s; ahora realizamos entregas personales en: La panader\u00eda \u201cLa Era\u201d que se encuentra en Bulevar de los Continentes en el fraccionamiento Valle\u2026","rel":"","context":"Entrada similar ","img":{"alt_text":"","src":"https:\/\/i0.wp.com\/www.kepadrisimo.com\/wp-content\/uploads\/2018\/10\/IMG_20180621_152612.jpg?fit=900%2C1200&ssl=1&resize=350%2C200","width":350,"height":200},"classes":[]},{"id":4,"url":"https:\/\/www.kepadrisimo.com\/","url_meta":{"origin":5,"position":4},"title":"Recomenzamos desde el principio","date":"8 noviembre, 2017","format":false,"excerpt":"Les traemos un \"tip\" en video para darle mantenimiento y cuidado a esos incre\u00edbles autos rob\u00f3ticos de tu preciosa e invaluable autopista Anki Overdrive Fast and Furious. S\u00ed no tienes una autopista inteligente, compra la tuya ya, te sorprender\u00e1 ! https:\/\/www.kepadrisimo.com\/index.php\/producto\/autopista-anki-overdrive\/","rel":"","context":"Entrada similar ","img":{"alt_text":"","src":"","width":0,"height":0},"classes":[]},{"id":70,"url":"https:\/\/www.kepadrisimo.com\/index.php\/tienda\/","url_meta":{"origin":5,"position":5},"title":"Tienda","date":"11 noviembre, 2017","format":false,"excerpt":"Lo m\u00e1s innovador, creativo y funcional, al alcance de tu bolsillo.","rel":"","context":"Entrada similar ","img":{"alt_text":"","src":"https:\/\/i0.wp.com\/www.kepadrisimo.com\/wp-content\/uploads\/2017\/11\/Bocinas-Bluetooth-Contra-Agua-300x300.jpg?resize=350%2C200","width":350,"height":200},"classes":[]}],"_links":{"self":[{"href":"https:\/\/www.kepadrisimo.com\/index.php\/wp-json\/wp\/v2\/pages\/5"}],"collection":[{"href":"https:\/\/www.kepadrisimo.com\/index.php\/wp-json\/wp\/v2\/pages"}],"about":[{"href":"https:\/\/www.kepadrisimo.com\/index.php\/wp-json\/wp\/v2\/types\/page"}],"author":[{"embeddable":true,"href":"https:\/\/www.kepadrisimo.com\/index.php\/wp-json\/wp\/v2\/users\/1"}],"replies":[{"embeddable":true,"href":"https:\/\/www.kepadrisimo.com\/index.php\/wp-json\/wp\/v2\/comments?post=5"}],"version-history":[{"count":10,"href":"https:\/\/www.kepadrisimo.com\/index.php\/wp-json\/wp\/v2\/pages\/5\/revisions"}],"predecessor-version":[{"id":2092,"href":"https:\/\/www.kepadrisimo.com\/index.php\/wp-json\/wp\/v2\/pages\/5\/revisions\/2092"}],"wp:attachment":[{"href":"https:\/\/www.kepadrisimo.com\/index.php\/wp-json\/wp\/v2\/media?parent=5"}],"curies":[{"name":"wp","href":"https:\/\/api.w.org\/{rel}","templated":true}]}}