{"id":179,"date":"2017-11-25T21:25:28","date_gmt":"2017-11-26T03:25:28","guid":{"rendered":"http:\/\/www.kepadrisimo.com\/?page_id=179"},"modified":"2020-12-29T16:43:48","modified_gmt":"2020-12-29T22:43:48","slug":"tecnologia-que-deseamos-ya","status":"publish","type":"page","link":"https:\/\/www.kepadrisimo.com\/index.php\/tecnologia-que-deseamos-ya\/","title":{"rendered":"Producto Estelar!"},"content":{"rendered":"\n<div class=\"alignwide\"><div id=\"metaslider-id-1927\" style=\"width: 100%;\" class=\"ml-slider-3-25-2 metaslider metaslider-flex metaslider-1927 ml-slider\">\n    <div id=\"metaslider_container_1927\">\n        <div id=\"metaslider_1927\">\n            <ul aria-live=\"polite\" class=\"slides\">\n                <li style=\"display: block; width: 100%;\" class=\"slide-1928 ms-image\"><img loading=\"lazy\" decoding=\"async\" src=\"https:\/\/i0.wp.com\/www.kepadrisimo.com\/wp-content\/uploads\/2020\/12\/UBTECH_IRONMAN_4.jpg?resize=1140%2C1140&#038;ssl=1\" height=\"1140\" width=\"1140\" alt=\"\" class=\"slider-1927 slide-1928\" title=\"UBTECH_IRONMAN_4\" data-recalc-dims=\"1\" \/><div class=\"caption-wrap\"><div class=\"caption\">Realidad aumentada? Checa el Ironman Mark 52<\/div><\/div><\/li>\n                <li style=\"display: none; width: 100%;\" class=\"slide-1929 ms-image\"><img loading=\"lazy\" decoding=\"async\" src=\"https:\/\/i0.wp.com\/www.kepadrisimo.com\/wp-content\/uploads\/2020\/12\/UBTECH_IRONMAN_3.jpg?resize=1140%2C1140&#038;ssl=1\" height=\"1140\" width=\"1140\" alt=\"\" class=\"slider-1927 slide-1929\" title=\"UBTECH_IRONMAN_3\" data-recalc-dims=\"1\" \/><div class=\"caption-wrap\"><div class=\"caption\">Atractivo desde el empaque !<\/div><\/div><\/li>\n                <li style=\"display: none; width: 100%;\" class=\"slide-1930 ms-image\"><img loading=\"lazy\" decoding=\"async\" src=\"https:\/\/i0.wp.com\/www.kepadrisimo.com\/wp-content\/uploads\/2020\/12\/UBTECH_IRONMAN_2.jpg?resize=1140%2C1140&#038;ssl=1\" height=\"1140\" width=\"1140\" alt=\"\" class=\"slider-1927 slide-1930\" title=\"UBTECH_IRONMAN_2\" data-recalc-dims=\"1\" \/><div class=\"caption-wrap\"><div class=\"caption\">Se ve bien, Tony... pero seguro tu rostro lucir\u00e1 mucho mejor.<\/div><\/div><\/li>\n                <li style=\"display: none; width: 100%;\" class=\"slide-1931 ms-image\"><img loading=\"lazy\" decoding=\"async\" src=\"https:\/\/i0.wp.com\/www.kepadrisimo.com\/wp-content\/uploads\/2020\/12\/UBTECH_IRONMAN_1.jpg?resize=1140%2C1140&#038;ssl=1\" height=\"1140\" width=\"1140\" alt=\"Mark 50\" class=\"slider-1927 slide-1931\" title=\"UBTECH_IRONMAN_1\" data-recalc-dims=\"1\" \/><div class=\"caption-wrap\"><div class=\"caption\">Listo para entrar en combate !<\/div><\/div><\/li>\n                <li style=\"display: none; width: 100%;\" class=\"slide-1932 ms-image\"><img loading=\"lazy\" decoding=\"async\" src=\"https:\/\/i0.wp.com\/www.kepadrisimo.com\/wp-content\/uploads\/2020\/12\/UBTECH_IRONMAN_6Full.jpg?resize=1140%2C1140&#038;ssl=1\" height=\"1140\" width=\"1140\" alt=\"\" class=\"slider-1927 slide-1932\" title=\"UBTECH_IRONMAN_6Full\" data-recalc-dims=\"1\" \/><div class=\"caption-wrap\"><div class=\"caption\">Es una experiencia que debes compartir !<\/div><\/div><\/li>\n                <li style=\"display: none; width: 100%;\" class=\"slide-1933 ms-image\"><img loading=\"lazy\" decoding=\"async\" src=\"https:\/\/i0.wp.com\/www.kepadrisimo.com\/wp-content\/uploads\/2020\/12\/UBTECH_IRONMAN_5.jpg?resize=1140%2C1140&#038;ssl=1\" height=\"1140\" width=\"1140\" alt=\"\" class=\"slider-1927 slide-1933\" title=\"UBTECH_IRONMAN_5\" data-recalc-dims=\"1\" \/><div class=\"caption-wrap\"><div class=\"caption\">Sensores por todos lados !!!<\/div><\/div><\/li>\n            <\/ul>\n        <\/div>\n        \n    <\/div>\n<\/div><\/div>\n\n\n<h1>Lo \u00faltimo y lo m\u00e1s esperado por ustedes y nosotros&#8230; <img loading=\"lazy\" decoding=\"async\" data-attachment-id=\"1921\" data-permalink=\"https:\/\/www.kepadrisimo.com\/index.php\/tecnologia-que-deseamos-ya\/ubtech_ironman_4\/\" data-orig-file=\"https:\/\/i0.wp.com\/www.kepadrisimo.com\/wp-content\/uploads\/2020\/12\/UBTECH_IRONMAN_4.jpg?fit=1200%2C1200&amp;ssl=1\" data-orig-size=\"1200,1200\" data-comments-opened=\"1\" data-image-meta=\"{&quot;aperture&quot;:&quot;0&quot;,&quot;credit&quot;:&quot;&quot;,&quot;camera&quot;:&quot;&quot;,&quot;caption&quot;:&quot;&quot;,&quot;created_timestamp&quot;:&quot;0&quot;,&quot;copyright&quot;:&quot;&quot;,&quot;focal_length&quot;:&quot;0&quot;,&quot;iso&quot;:&quot;0&quot;,&quot;shutter_speed&quot;:&quot;0&quot;,&quot;title&quot;:&quot;&quot;,&quot;orientation&quot;:&quot;0&quot;}\" data-image-title=\"UBTECH_IRONMAN_4\" data-image-description=\"\" data-image-caption=\"\" data-medium-file=\"https:\/\/i0.wp.com\/www.kepadrisimo.com\/wp-content\/uploads\/2020\/12\/UBTECH_IRONMAN_4.jpg?fit=300%2C300&amp;ssl=1\" data-large-file=\"https:\/\/i0.wp.com\/www.kepadrisimo.com\/wp-content\/uploads\/2020\/12\/UBTECH_IRONMAN_4.jpg?fit=1024%2C1024&amp;ssl=1\" class=\"aligncenter  wp-image-1921\" src=\"https:\/\/i0.wp.com\/www.kepadrisimo.com\/wp-content\/uploads\/2020\/12\/UBTECH_IRONMAN_4.jpg?resize=315%2C315&#038;ssl=1\" alt=\"\" width=\"315\" height=\"315\" srcset=\"https:\/\/i0.wp.com\/www.kepadrisimo.com\/wp-content\/uploads\/2020\/12\/UBTECH_IRONMAN_4.jpg?resize=1024%2C1024&amp;ssl=1 1024w, https:\/\/i0.wp.com\/www.kepadrisimo.com\/wp-content\/uploads\/2020\/12\/UBTECH_IRONMAN_4.jpg?resize=300%2C300&amp;ssl=1 300w, https:\/\/i0.wp.com\/www.kepadrisimo.com\/wp-content\/uploads\/2020\/12\/UBTECH_IRONMAN_4.jpg?resize=150%2C150&amp;ssl=1 150w, https:\/\/i0.wp.com\/www.kepadrisimo.com\/wp-content\/uploads\/2020\/12\/UBTECH_IRONMAN_4.jpg?resize=768%2C768&amp;ssl=1 768w, https:\/\/i0.wp.com\/www.kepadrisimo.com\/wp-content\/uploads\/2020\/12\/UBTECH_IRONMAN_4.jpg?resize=510%2C510&amp;ssl=1 510w, https:\/\/i0.wp.com\/www.kepadrisimo.com\/wp-content\/uploads\/2020\/12\/UBTECH_IRONMAN_4.jpg?resize=600%2C600&amp;ssl=1 600w, https:\/\/i0.wp.com\/www.kepadrisimo.com\/wp-content\/uploads\/2020\/12\/UBTECH_IRONMAN_4.jpg?resize=100%2C100&amp;ssl=1 100w, https:\/\/i0.wp.com\/www.kepadrisimo.com\/wp-content\/uploads\/2020\/12\/UBTECH_IRONMAN_4.jpg?w=1200&amp;ssl=1 1200w\" sizes=\"(max-width: 315px) 100vw, 315px\" data-recalc-dims=\"1\" \/><\/h1>\n<h2>Iron man\u00a0 &#8212; MK 50 Robot\u00a0 por UBTech<\/h2>\n<p>Ponte el traje de Tony Stark con la ic\u00f3nica armadura Mark 50 y entra en combate en una serie de campos de batalla y algunos de prueba que fueron desarrollados por su asistente, &#8220;Viernes&#8221; (Friday). Este robot que puede caminar y hablar es tu portal para un conjunto de aventuras sin igual, ya que tiene la capacidad de introducirte en misiones de realidad aumentada, combatiendo drones del Universo cinem\u00e1tico de Marvel y aumentar niveles hasta salvar el universo del malvado Thanos.<\/p>\n<p>Compatibilidad del dispositivo: La app requiere 1 GB RAM, funciona con Apple iOS 11.0+\/ iPhone 6S+\/ iPad Pro+ and Android 7. 0+. la experiencia se disfruta a\u00fan mejor con los dispositivos que cuenten con ARCore.<\/p>\n<p>100% emoci\u00f3n.<\/p>\n<p><span class=\"embed-youtube\" style=\"text-align:center; display: block;\"><iframe loading=\"lazy\" class=\"youtube-player\" width=\"1140\" height=\"642\" src=\"https:\/\/www.youtube.com\/embed\/oyceG1OTAPI?version=3&#038;rel=1&#038;showsearch=0&#038;showinfo=1&#038;iv_load_policy=1&#038;fs=1&#038;hl=es-MX&#038;autohide=2&#038;wmode=transparent\" allowfullscreen=\"true\" style=\"border:0;\" sandbox=\"allow-scripts allow-same-origin allow-popups allow-presentation\"><\/iframe><\/span><\/p>\n<h4>Robot Iron man MK50\u00a0<\/h4>\n<p>Incluye:<\/p>\n<ul class=\"a-unordered-list a-vertical\" style=\"box-sizing: border-box; color: #949494; padding: 0px; margin: 0px 0px 0px !important 1.8rem;\">\n<li>MK50 Robot<\/li>\n<li>AR Mat (Tapete para realidad aumentada).<\/li>\n<li>Adaptador de poder<\/li>\n<li>Gu\u00eda de inicio r\u00e1pido<\/li>\n<li>Gu\u00eda Legal<\/li>\n<\/ul>\n<p>Se requiere un Dispositivo con IOS y Android (no incluido)<\/p>\n<p>Otras caracter\u00edsticas:<\/p>\n<ul>\n<li>Crea, controla, codifica y combate contra enemigos inspirados en el universo cinem\u00e1tico de Marvel.<\/li>\n<li><span data-sheets-value=\"{&quot;1&quot;:2,&quot;2&quot;:&quot;Create, control, code, and battle against enemies inspired by iconic Marvel Cinematic universe battles.&quot;}\" data-sheets-userformat=\"{&quot;2&quot;:6915,&quot;3&quot;:{&quot;1&quot;:0},&quot;4&quot;:[null,2,16777215],&quot;11&quot;:4,&quot;12&quot;:0,&quot;14&quot;:[null,2,1118481],&quot;15&quot;:&quot;\\&quot;Amazon Ember\\&quot;, Arial, sans-serif&quot;}\">Controla los motores del robot, luces y sonidos, utilizando un dispositivo m\u00f3vil; completa misiones de realidad aumentada (AR); personaliza y carga tu rostro as\u00ed como sonidos y frases de audio; utiliza c\u00f3digo con secuencias \u00fanicas de acci\u00f3n que s\u00f3lo puede obedecer y ejecutar tu robot.<\/span><\/li>\n<li>Vive la experiencia de entrar en combate y misiones que te da la realidad aumentada creada por &#8220;Friday&#8221;, utilizando el arsenal de Nanotecnolog\u00eda de tu robot MK50.<\/li>\n<li>Completa niveles y adquiere nuevas armas, actualiza la potencia y el poder de tu armadura para realizar tareas m\u00e1s complicadas.<\/li>\n<li>Encuentra drones especializados, inspirados en los villanos ic\u00f3nicos de Iron Man, como Chitauri y Ebony Maw.<\/li>\n<li>Personaliza tu robot\u00a0 Iron Man MK50, incluyendo secuencias de programaci\u00f3n por bloques para realizar acciones de movimiento \u00fanicas de un super h\u00e9roe!<\/li>\n<li>Utiliza bloques personalizados para codificar tus propias secuencias en tu robot Iron Man MK50.<\/li>\n<li>Juega como Tony Stark y col\u00f3cate la armadura MK50, practica tus habilidades de combate y utiliza tu dispositivo m\u00f3vil para &#8220;subir&#8221; tu rostro y personalizar las grabaciones de audio de tu robot Iron Man MK50.\u00a0<\/li>\n<li>En la personalizaci\u00f3n del modo de protocolo, utiliza el editor y la herramienta visual de arrastrar y colocar (drag and drop) para crear de forma simple, c\u00f3digo personalizado para Iron man sin conocimientos de programaci\u00f3n.<\/li>\n<li><span data-sheets-value=\"{&quot;1&quot;:2,&quot;2&quot;:&quot;Control the robot's motors, lights and sounds using a mobile device; complete augmented reality (AR) missions; customize by uploading your face and recording audio phrases; code original, unique action sequences that only your robot can perform!&quot;}\" data-sheets-userformat=\"{&quot;2&quot;:6915,&quot;3&quot;:{&quot;1&quot;:0},&quot;4&quot;:[null,2,16777215],&quot;11&quot;:4,&quot;12&quot;:0,&quot;14&quot;:[null,2,1118481],&quot;15&quot;:&quot;Arial&quot;}\">&#8220;Carga&#8221; tu rostro y graba mensajes de audio personalizados y frases, para crear la ilusi\u00f3n de que eres t\u00fa, qui\u00e9n esta usando la armadura de Iron man.<\/span><\/li>\n<\/ul>\n<p>Disponible en tu tienda en l\u00ednea <a href=\"http:\/\/www.kepadrisimo.com\/index.php\/tienda\/\">KEpadr\u00edsimo.com<\/a><\/p>\n<h1><b>No te quedes sin el tuyo !!!<\/b><\/h1>\n<h3 style=\"text-align: center;\"><strong><a href=\"https:\/\/www.kepadrisimo.com\/index.php\/producto\/iron-man-mk50-by-ubtech\/\">Compra AQU\u00cd\u00a0<\/a><\/strong><\/h3>\n<p>\u00a0<\/p>\n\n\n<pre class=\"wp-block-preformatted\">*Iron man, Tony Stark, Ebony Maw,  Chitari, Thanos, Marvel, UBTech, Android, Apple iOS 11.0+\/ iPhone 6S+\/ iPad Pro+ and Android 7. 0+, ARCore, son marcas registradas, con derechos reservados y se utilizan como referencia e ilustraci\u00f3n de este producto.<\/pre>\n\n\n\n<pre class=\"wp-block-preformatted\">**Todos los nombres de productos, logotipos y marcas son propiedad de sus respectivos due\u00f1os. Todos los nombres de empresas, productos y servicios utilizados en esta p\u00e1gina web se utilizan \u00fanicamente con fines ilustrativos. El uso de estos nombres, logotipos y marcas no implica ning\u00fan tipo de aprobaci\u00f3n.<\/pre>\n\n\n\n<p><\/p>\n","protected":false},"excerpt":{"rendered":"<p>Lo \u00faltimo y lo m\u00e1s esperado por ustedes y nosotros&#8230; Iron man\u00a0 &#8212; MK 50 Robot\u00a0 por UBTech Ponte el traje de Tony Stark con la ic\u00f3nica armadura Mark 50 y entra en combate en una serie de campos de batalla y algunos de prueba que fueron desarrollados por su asistente, &#8220;Viernes&#8221; (Friday). Este robot [&hellip;]<\/p>\n","protected":false},"author":1,"featured_media":0,"parent":0,"menu_order":1,"comment_status":"closed","ping_status":"closed","template":"","meta":{"spay_email":"","footnotes":""},"jetpack_sharing_enabled":true,"jetpack_shortlink":"https:\/\/wp.me\/P9n2l2-2T","jetpack_likes_enabled":true,"jetpack-related-posts":[{"id":1046,"url":"https:\/\/www.kepadrisimo.com\/index.php\/tienda\/politicas-y-garantias\/","url_meta":{"origin":179,"position":0},"title":"Pol\u00edticas y garant\u00edas","date":"5 marzo, 2020","format":false,"excerpt":"Politicas de KEpadrisimo Env\u00edos y tiempos de entrega Permite entre 24 y 48 horas para procesar la orden. Todos los env\u00edos dentro de Territorio Mexicano, se realizan a trav\u00e9s de distintas mensajer\u00edas como por ejemplo: FEDEX, DHL, Multipack, REDPACK \u00f3 Estafeta y viajan con seguro incluido, bajo el resguardo de\u2026","rel":"","context":"Entrada similar ","img":{"alt_text":"KEpol\u00edticas","src":"https:\/\/i0.wp.com\/www.kepadrisimo.com\/wp-content\/uploads\/2020\/03\/ephoto_1565056513013.jpg?resize=350%2C200&ssl=1","width":350,"height":200},"classes":[]},{"id":5,"url":"https:\/\/www.kepadrisimo.com\/index.php\/acerca-de\/","url_meta":{"origin":179,"position":1},"title":"Qui\u00e9nes somos","date":"8 noviembre, 2017","format":false,"excerpt":"Somos una empresa que tiene el objetivo de ofrecerte art\u00edculos sorprendentes y divertidos, pero ante todo, buscamos obtener una sonrisa de tu rostro. Somos una divisi\u00f3n de KE Comercializadora, enfocada a proporcionarte lo mejor en tecnolog\u00eda para que verdaderamente te sorprendas y sorprendas a los dem\u00e1s. Visi\u00f3n Somos una empresa\u2026","rel":"","context":"Entrada similar ","img":{"alt_text":"","src":"https:\/\/i0.wp.com\/www.kepadrisimo.com\/wp-content\/uploads\/2017\/11\/kepadrisimo_s_mascot_origin-257x300.jpg?resize=350%2C200","width":350,"height":200},"classes":[]},{"id":1649,"url":"https:\/\/www.kepadrisimo.com\/index.php\/tienda\/empresas-recomendadas\/","url_meta":{"origin":179,"position":2},"title":"Empresas Recomendadas","date":"7 mayo, 2020","format":false,"excerpt":"Te traemos un conjunto de PYMES y profesionales, que se han vuelto de nuestros favoritos, ya sea por su desempe\u00f1o, su servicio, su atenci\u00f3n, su dedicaci\u00f3n o por todo ello y m\u00e1s. Simplemente, nuestras recomendaciones para hacer negocios o recibir alg\u00fan servicio de su parte. En resumen: KEpadr\u00edsimas recomendaciones de\u2026","rel":"","context":"Entrada similar ","img":{"alt_text":"","src":"https:\/\/i0.wp.com\/www.kepadrisimo.com\/wp-content\/uploads\/2020\/04\/ephoto_1588114181438.jpg?fit=768%2C432&ssl=1&resize=350%2C200","width":350,"height":200},"classes":[]},{"id":6,"url":"https:\/\/www.kepadrisimo.com\/index.php\/contactanos\/","url_meta":{"origin":179,"position":3},"title":"Cont\u00e1ctanos","date":"8 noviembre, 2017","format":false,"excerpt":"Donde estamos???? Nos encontramos en Tlalnepantla Estado de M\u00e9xico, pero como sabemos que no todos pueden venir a estos rumbos, hemos optado por acercarles los productos un poco m\u00e1s; ahora realizamos entregas personales en: La panader\u00eda \u201cLa Era\u201d que se encuentra en Bulevar de los Continentes en el fraccionamiento Valle\u2026","rel":"","context":"Entrada similar ","img":{"alt_text":"","src":"https:\/\/i0.wp.com\/www.kepadrisimo.com\/wp-content\/uploads\/2018\/10\/IMG_20180621_152612.jpg?fit=900%2C1200&ssl=1&resize=350%2C200","width":350,"height":200},"classes":[]},{"id":4,"url":"https:\/\/www.kepadrisimo.com\/","url_meta":{"origin":179,"position":4},"title":"Recomenzamos desde el principio","date":"8 noviembre, 2017","format":false,"excerpt":"Les traemos un \"tip\" en video para darle mantenimiento y cuidado a esos incre\u00edbles autos rob\u00f3ticos de tu preciosa e invaluable autopista Anki Overdrive Fast and Furious. S\u00ed no tienes una autopista inteligente, compra la tuya ya, te sorprender\u00e1 ! https:\/\/www.kepadrisimo.com\/index.php\/producto\/autopista-anki-overdrive\/","rel":"","context":"Entrada similar ","img":{"alt_text":"","src":"","width":0,"height":0},"classes":[]},{"id":70,"url":"https:\/\/www.kepadrisimo.com\/index.php\/tienda\/","url_meta":{"origin":179,"position":5},"title":"Tienda","date":"11 noviembre, 2017","format":false,"excerpt":"Lo m\u00e1s innovador, creativo y funcional, al alcance de tu bolsillo.","rel":"","context":"Entrada similar ","img":{"alt_text":"","src":"https:\/\/i0.wp.com\/www.kepadrisimo.com\/wp-content\/uploads\/2017\/11\/Bocinas-Bluetooth-Contra-Agua-300x300.jpg?resize=350%2C200","width":350,"height":200},"classes":[]}],"_links":{"self":[{"href":"https:\/\/www.kepadrisimo.com\/index.php\/wp-json\/wp\/v2\/pages\/179"}],"collection":[{"href":"https:\/\/www.kepadrisimo.com\/index.php\/wp-json\/wp\/v2\/pages"}],"about":[{"href":"https:\/\/www.kepadrisimo.com\/index.php\/wp-json\/wp\/v2\/types\/page"}],"author":[{"embeddable":true,"href":"https:\/\/www.kepadrisimo.com\/index.php\/wp-json\/wp\/v2\/users\/1"}],"replies":[{"embeddable":true,"href":"https:\/\/www.kepadrisimo.com\/index.php\/wp-json\/wp\/v2\/comments?post=179"}],"version-history":[{"count":25,"href":"https:\/\/www.kepadrisimo.com\/index.php\/wp-json\/wp\/v2\/pages\/179\/revisions"}],"predecessor-version":[{"id":1950,"href":"https:\/\/www.kepadrisimo.com\/index.php\/wp-json\/wp\/v2\/pages\/179\/revisions\/1950"}],"wp:attachment":[{"href":"https:\/\/www.kepadrisimo.com\/index.php\/wp-json\/wp\/v2\/media?parent=179"}],"curies":[{"name":"wp","href":"https:\/\/api.w.org\/{rel}","templated":true}]}}